{"id":32435,"date":"2023-11-30T12:21:41","date_gmt":"2023-11-30T11:21:41","guid":{"rendered":"https:\/\/frigopo.it\/conditions-de-vente\/"},"modified":"2024-11-25T17:10:27","modified_gmt":"2024-11-25T16:10:27","slug":"conditions-de-vente","status":"publish","type":"page","link":"https:\/\/frigopo.it\/fr\/conditions-de-vente\/","title":{"rendered":"Conditions de vente"},"content":{"rendered":"\t\t<div data-elementor-type=\"wp-page\" data-elementor-id=\"32435\" class=\"elementor elementor-32435 elementor-29697\" data-elementor-post-type=\"page\">\n\t\t\t\t\t\t<section class=\"elementor-section elementor-top-section elementor-element elementor-element-32ddb18 desc-condizioni elementor-section-boxed elementor-section-height-default elementor-section-height-default\" data-id=\"32ddb18\" data-element_type=\"section\">\n\t\t\t\t\t\t<div class=\"elementor-container elementor-column-gap-default\">\n\t\t\t\t\t<div class=\"elementor-column elementor-col-100 elementor-top-column elementor-element elementor-element-8fa044e\" data-id=\"8fa044e\" data-element_type=\"column\">\n\t\t\t<div class=\"elementor-widget-wrap elementor-element-populated\">\n\t\t\t\t\t\t<div class=\"elementor-element elementor-element-da4e0c1 elementor-widget__width-initial elementor-widget elementor-widget-lte-price\" data-id=\"da4e0c1\" data-element_type=\"widget\" data-widget_type=\"lte-price.default\">\n\t\t\t\t<div class=\"elementor-widget-container\">\n\t\t\t\t\t<div class=\"lte-price-sc-wrapper lte-price-sc lte-filter-container lte-layout-two-cols lte-scroll-\"><div class=\"lte-items\">\t\t\t\t<div class=\"lte-item\">\r\n\t\t\t\t    <div class=\"lte-description\">\r\n\t\t\t\t    \t<div class=\"lte-title\">\r\n\t\t\t        \t\t<h6 class=\"lte-header\">Les prix<\/h6>\r\n\t\t\t        \t\t<span class=\"lte-dots\"><\/span>\r\n\t\t\t        \t\t<h6 class=\"lte-header lte-price\"><\/h6>\r\n\t\t\t        \t<\/div>\r\n\t\t\t        \t<div class=\"lte-descr\">\r\n\t\t\t        \t\tLes prix indiqu\u00e9s dans les offres et les listes de prix sont sans engagement et peuvent \u00eatre sujets \u00e0 changement sans pr\u00e9avis. Les prix n\u2019incluent pas l\u2019emballage, le transport, la TVA et autres frais accessoires.\t\t\t        \t<\/div>\r\n\t\t\t\t    <\/div>\r\n\t\t\t\t<\/div>\r\n\t\t\t\t\t\t\t\t<div class=\"lte-item\">\r\n\t\t\t\t    <div class=\"lte-description\">\r\n\t\t\t\t    \t<div class=\"lte-title\">\r\n\t\t\t        \t\t<h6 class=\"lte-header\">Commandes minimums<\/h6>\r\n\t\t\t        \t\t<span class=\"lte-dots\"><\/span>\r\n\t\t\t        \t\t<h6 class=\"lte-header lte-price\"><\/h6>\r\n\t\t\t        \t<\/div>\r\n\t\t\t        \t<div class=\"lte-descr\">\r\n\t\t\t        \t\tLes frais de gestion nous obligent \u00e0 facturer les frais suivants\u00a0: les commandes inf\u00e9rieures \u00e0 100,00\u00a0\u20ac sont factur\u00e9es 14,00\u00a0\u20ac. Les commandes inf\u00e9rieures \u00e0 50,00\u00a0\u20ac sont factur\u00e9es 19,00\u00a0\u20ac. Les fournitures de stocks sont exon\u00e9r\u00e9es de frais.\t\t\t        \t<\/div>\r\n\t\t\t\t    <\/div>\r\n\t\t\t\t<\/div>\r\n\t\t\t\t\t\t\t\t<div class=\"lte-item\">\r\n\t\t\t\t    <div class=\"lte-description\">\r\n\t\t\t\t    \t<div class=\"lte-title\">\r\n\t\t\t        \t\t<h6 class=\"lte-header\">Paiements<\/h6>\r\n\t\t\t        \t\t<span class=\"lte-dots\"><\/span>\r\n\t\t\t        \t\t<h6 class=\"lte-header lte-price highlight\"><\/h6>\r\n\t\t\t        \t<\/div>\r\n\t\t\t        \t<div class=\"lte-descr\">\r\n\t\t\t        \t\tFournitures en esp\u00e8ces jusqu\u2019\u00e0 la d\u00e9finition de relations commerciales r\u00e9guli\u00e8res. Jusqu\u2019\u00e0 250\u00a0euros, nous n\u2019exp\u00e9dions qu\u2019en contre remboursement. En cas de retard de paiement, des int\u00e9r\u00eats bancaires courants et des frais de retard sont factur\u00e9s.\t\t\t        \t<\/div>\r\n\t\t\t\t    <\/div>\r\n\t\t\t\t<\/div>\r\n\t\t\t\t\t\t\t\t<div class=\"lte-item\">\r\n\t\t\t\t    <div class=\"lte-description\">\r\n\t\t\t\t    \t<div class=\"lte-title\">\r\n\t\t\t        \t\t<h6 class=\"lte-header\">Livraisons<\/h6>\r\n\t\t\t        \t\t<span class=\"lte-dots\"><\/span>\r\n\t\t\t        \t\t<h6 class=\"lte-header lte-price highlight\"><\/h6>\r\n\t\t\t        \t<\/div>\r\n\t\t\t        \t<div class=\"lte-descr\">\r\n\t\t\t        \t\tLes d\u00e9lais de livraison doivent \u00eatre convenus avec notre soci\u00e9t\u00e9 et, en tout \u00e9tat de cause, ils doivent \u00eatre consid\u00e9r\u00e9s comme indicatifs et non contraignants pour nous. Les retards \u00e9ventuels de livraison ne peuvent donner lieu \u00e0 des p\u00e9nalit\u00e9s ou \u00e0 des dommages-int\u00e9r\u00eats.\t\t\t        \t<\/div>\r\n\t\t\t\t    <\/div>\r\n\t\t\t\t<\/div>\r\n\t\t\t\t\t\t\t\t<div class=\"lte-item\">\r\n\t\t\t\t    <div class=\"lte-description\">\r\n\t\t\t\t    \t<div class=\"lte-title\">\r\n\t\t\t        \t\t<h6 class=\"lte-header\">Emballages<\/h6>\r\n\t\t\t        \t\t<span class=\"lte-dots\"><\/span>\r\n\t\t\t        \t\t<h6 class=\"lte-header lte-price highlight\"><\/h6>\r\n\t\t\t        \t<\/div>\r\n\t\t\t        \t<div class=\"lte-descr\">\r\n\t\t\t        \t\tCarton standard, autre forme au co\u00fbt.\t\t\t        \t<\/div>\r\n\t\t\t\t    <\/div>\r\n\t\t\t\t<\/div>\r\n\t\t\t\t\t\t\t\t<div class=\"lte-item\">\r\n\t\t\t\t    <div class=\"lte-description\">\r\n\t\t\t\t    \t<div class=\"lte-title\">\r\n\t\t\t        \t\t<h6 class=\"lte-header\">Transport<\/h6>\r\n\t\t\t        \t\t<span class=\"lte-dots\"><\/span>\r\n\t\t\t        \t\t<h6 class=\"lte-header lte-price\"><\/h6>\r\n\t\t\t        \t<\/div>\r\n\t\t\t        \t<div class=\"lte-descr\">\r\n\t\t\t        \t\tLes marchandises sont vendues au d\u00e9part-usine de Frigo Po et l\u2019obligation de livraison est consid\u00e9r\u00e9e comme remplie au moment de l\u2019acceptation des marchandises par les transporteurs. Les marchandises voyagent toujours aux risques et p\u00e9rils de l\u2019acheteur, m\u00eame si elles sont vendues franco de port.\t\t\t        \t<\/div>\r\n\t\t\t\t    <\/div>\r\n\t\t\t\t<\/div>\r\n\t\t\t\t\t\t\t\t<div class=\"lte-item\">\r\n\t\t\t\t    <div class=\"lte-description\">\r\n\t\t\t\t    \t<div class=\"lte-title\">\r\n\t\t\t        \t\t<h6 class=\"lte-header\">Joints sur mesure et articles hors catalogue<\/h6>\r\n\t\t\t        \t\t<span class=\"lte-dots\"><\/span>\r\n\t\t\t        \t\t<h6 class=\"lte-header lte-price\"><\/h6>\r\n\t\t\t        \t<\/div>\r\n\t\t\t        \t<div class=\"lte-descr\">\r\n\t\t\t        \t\tUn grand nombre d\u2019articles hors catalogue provenant des entreprises avec lesquelles nous travaillons peuvent \u00eatre fournis sur demande. Nous n\u2019acceptons pas les retours d\u2019articles hors catalogue.\t\t\t        \t<\/div>\r\n\t\t\t\t    <\/div>\r\n\t\t\t\t<\/div>\r\n\t\t\t\t\t\t\t\t<div class=\"lte-item\">\r\n\t\t\t\t    <div class=\"lte-description\">\r\n\t\t\t\t    \t<div class=\"lte-title\">\r\n\t\t\t        \t\t<h6 class=\"lte-header\">Responsabilit\u00e9<\/h6>\r\n\t\t\t        \t\t<span class=\"lte-dots\"><\/span>\r\n\t\t\t        \t\t<h6 class=\"lte-header lte-price\"><\/h6>\r\n\t\t\t        \t<\/div>\r\n\t\t\t        \t<div class=\"lte-descr\">\r\n\t\t\t        \t\tFrigo Po d\u00e9cline toute responsabilit\u00e9 quant aux caract\u00e9ristiques indiqu\u00e9es dans ses listes de prix et\/ou catalogues, qui peuvent \u00eatre modifi\u00e9es sans pr\u00e9avis en raison d\u2019\u00e9ventuels changements apport\u00e9s par les fabricants. Aucune r\u00e9clamation ou demande de remplacement ne sera accept\u00e9e huit jours apr\u00e8s l\u2019arriv\u00e9e des marchandises.\t\t\t        \t<\/div>\r\n\t\t\t\t    <\/div>\r\n\t\t\t\t<\/div>\r\n\t\t\t\t\t\t\t\t<div class=\"lte-item\">\r\n\t\t\t\t    <div class=\"lte-description\">\r\n\t\t\t\t    \t<div class=\"lte-title\">\r\n\t\t\t        \t\t<h6 class=\"lte-header\">Garantie<\/h6>\r\n\t\t\t        \t\t<span class=\"lte-dots\"><\/span>\r\n\t\t\t        \t\t<h6 class=\"lte-header lte-price\"><\/h6>\r\n\t\t\t        \t<\/div>\r\n\t\t\t        \t<div class=\"lte-descr\">\r\n\t\t\t        \t\tLes garanties appliqu\u00e9es par les fabricants avec lesquels nous traitons s\u2019appliquent. La garantie s\u2019applique aupr\u00e8s de notre entrep\u00f4t et au d\u00e9part de celui-ci et concerne uniquement l\u2019obligation de remplacer les pi\u00e8ces d\u00e9fectueuses en raison de la qualit\u00e9 des mat\u00e9riaux ou de d\u00e9fauts de construction. La garantie exclut toute responsabilit\u00e9 pour les dommages directs ou indirects et n\u2019est valable que si l\u2019appareil a \u00e9t\u00e9 soumis \u00e0 une utilisation normale, conform\u00e9ment aux sp\u00e9cifications d\u2019utilisation donn\u00e9es par le fabricant de l\u2019appareil. La garantie ne s\u2019applique pas en cas d\u2019intervention ou de manipulation effectu\u00e9e par du personnel ext\u00e9rieur \u00e0 notre organisation. Le transport pour l\u2019ex\u00e9cution de la garantie est \u00e0 la charge de l\u2019acheteur.\t\t\t        \t<\/div>\r\n\t\t\t\t    <\/div>\r\n\t\t\t\t<\/div>\r\n\t\t\t\t\t\t\t\t<div class=\"lte-item\">\r\n\t\t\t\t    <div class=\"lte-description\">\r\n\t\t\t\t    \t<div class=\"lte-title\">\r\n\t\t\t        \t\t<h6 class=\"lte-header\">Proc\u00e9dure de retour<\/h6>\r\n\t\t\t        \t\t<span class=\"lte-dots\"><\/span>\r\n\t\t\t        \t\t<h6 class=\"lte-header lte-price\"><\/h6>\r\n\t\t\t        \t<\/div>\r\n\t\t\t        \t<div class=\"lte-descr\">\r\n\t\t\t        \t\tEn cas d\u2019erreur du client, les marchandises ne sont pas \u00e9chang\u00e9es. - Les retours dus \u00e0 une erreur manifeste de la part de Frigo Po seront pris en charge en port d\u00fb et cr\u00e9dit\u00e9s \u00e0 100 %.\t\t\t        \t<\/div>\r\n\t\t\t\t    <\/div>\r\n\t\t\t\t<\/div>\r\n\t\t\t\t\t\t\t\t<div class=\"lte-item\">\r\n\t\t\t\t    <div class=\"lte-description\">\r\n\t\t\t\t    \t<div class=\"lte-title\">\r\n\t\t\t        \t\t<h6 class=\"lte-header\">Tribunal Comp\u00e9tent<\/h6>\r\n\t\t\t        \t\t<span class=\"lte-dots\"><\/span>\r\n\t\t\t        \t\t<h6 class=\"lte-header lte-price\"><\/h6>\r\n\t\t\t        \t<\/div>\r\n\t\t\t        \t<div class=\"lte-descr\">\r\n\t\t\t        \t\tLe tribunal de Reggio d\u2019\u00c9milie est comp\u00e9tent pour tout litige \u00e9ventuel.\t\t\t        \t<\/div>\r\n\t\t\t\t    <\/div>\r\n\t\t\t\t<\/div>\r\n\t\t\t\t<\/div><\/div>\t\t\t\t<\/div>\n\t\t\t\t<\/div>\n\t\t\t\t\t<\/div>\n\t\t<\/div>\n\t\t\t\t\t<\/div>\n\t\t<\/section>\n\t\t\t\t<\/div>\n\t\t","protected":false},"excerpt":{"rendered":"<p>Les prix Les prix indiqu\u00e9s dans les offres et les listes de prix sont sans engagement et peuvent \u00eatre sujets \u00e0 changement sans pr\u00e9avis. Les prix n\u2019incluent pas l\u2019emballage, le transport, la TVA et autres frais accessoires. Commandes minimums Les frais de gestion nous obligent \u00e0 facturer les frais suivants\u00a0: les commandes inf\u00e9rieures \u00e0 100,00\u00a0\u20ac [&hellip;]<\/p>\n","protected":false},"author":1,"featured_media":31814,"parent":0,"menu_order":0,"comment_status":"closed","ping_status":"closed","template":"page-templates\/full-width.php","meta":{"footnotes":""},"class_list":["post-32435","page","type-page","status-publish","has-post-thumbnail","hentry"],"yoast_head":"<!-- This site is optimized with the Yoast SEO plugin v27.3 - https:\/\/yoast.com\/product\/yoast-seo-wordpress\/ -->\n<title>Conditions de vente - Frigo Po<\/title>\n<meta name=\"robots\" content=\"index, follow, max-snippet:-1, max-image-preview:large, max-video-preview:-1\" \/>\n<link rel=\"canonical\" href=\"https:\/\/frigopo.it\/fr\/conditions-de-vente\/\" \/>\n<meta property=\"og:locale\" content=\"fr_FR\" \/>\n<meta property=\"og:type\" content=\"article\" \/>\n<meta property=\"og:title\" content=\"Conditions de vente - Frigo Po\" \/>\n<meta property=\"og:description\" content=\"Les prix Les prix indiqu\u00e9s dans les offres et les listes de prix sont sans engagement et peuvent \u00eatre sujets \u00e0 changement sans pr\u00e9avis. Les prix n\u2019incluent pas l\u2019emballage, le transport, la TVA et autres frais accessoires. Commandes minimums Les frais de gestion nous obligent \u00e0 facturer les frais suivants\u00a0: les commandes inf\u00e9rieures \u00e0 100,00\u00a0\u20ac [&hellip;]\" \/>\n<meta property=\"og:url\" content=\"https:\/\/frigopo.it\/fr\/conditions-de-vente\/\" \/>\n<meta property=\"og:site_name\" content=\"Frigo Po\" \/>\n<meta property=\"article:modified_time\" content=\"2024-11-25T16:10:27+00:00\" \/>\n<meta property=\"og:image\" content=\"https:\/\/frigopo.it\/wp-content\/uploads\/2023\/11\/frigopo-ricabi-guarinizioni-frigorifierijpg.jpg\" \/>\n\t<meta property=\"og:image:width\" content=\"2000\" \/>\n\t<meta property=\"og:image:height\" content=\"1333\" \/>\n\t<meta property=\"og:image:type\" content=\"image\/jpeg\" \/>\n<meta name=\"twitter:card\" content=\"summary_large_image\" \/>\n<meta name=\"twitter:label1\" content=\"Dur\u00e9e de lecture estim\u00e9e\" \/>\n\t<meta name=\"twitter:data1\" content=\"3 minutes\" \/>\n<script type=\"application\/ld+json\" class=\"yoast-schema-graph\">{\"@context\":\"https:\\\/\\\/schema.org\",\"@graph\":[{\"@type\":\"WebPage\",\"@id\":\"https:\\\/\\\/frigopo.it\\\/fr\\\/conditions-de-vente\\\/\",\"url\":\"https:\\\/\\\/frigopo.it\\\/fr\\\/conditions-de-vente\\\/\",\"name\":\"Conditions de vente - Frigo Po\",\"isPartOf\":{\"@id\":\"https:\\\/\\\/frigopo.it\\\/fr\\\/#website\"},\"primaryImageOfPage\":{\"@id\":\"https:\\\/\\\/frigopo.it\\\/fr\\\/conditions-de-vente\\\/#primaryimage\"},\"image\":{\"@id\":\"https:\\\/\\\/frigopo.it\\\/fr\\\/conditions-de-vente\\\/#primaryimage\"},\"thumbnailUrl\":\"https:\\\/\\\/frigopo.it\\\/wp-content\\\/uploads\\\/2023\\\/11\\\/frigopo-ricabi-guarinizioni-frigorifierijpg.jpg\",\"datePublished\":\"2023-11-30T11:21:41+00:00\",\"dateModified\":\"2024-11-25T16:10:27+00:00\",\"breadcrumb\":{\"@id\":\"https:\\\/\\\/frigopo.it\\\/fr\\\/conditions-de-vente\\\/#breadcrumb\"},\"inLanguage\":\"fr-FR\",\"potentialAction\":[{\"@type\":\"ReadAction\",\"target\":[\"https:\\\/\\\/frigopo.it\\\/fr\\\/conditions-de-vente\\\/\"]}]},{\"@type\":\"ImageObject\",\"inLanguage\":\"fr-FR\",\"@id\":\"https:\\\/\\\/frigopo.it\\\/fr\\\/conditions-de-vente\\\/#primaryimage\",\"url\":\"https:\\\/\\\/frigopo.it\\\/wp-content\\\/uploads\\\/2023\\\/11\\\/frigopo-ricabi-guarinizioni-frigorifierijpg.jpg\",\"contentUrl\":\"https:\\\/\\\/frigopo.it\\\/wp-content\\\/uploads\\\/2023\\\/11\\\/frigopo-ricabi-guarinizioni-frigorifierijpg.jpg\",\"width\":2000,\"height\":1333},{\"@type\":\"BreadcrumbList\",\"@id\":\"https:\\\/\\\/frigopo.it\\\/fr\\\/conditions-de-vente\\\/#breadcrumb\",\"itemListElement\":[{\"@type\":\"ListItem\",\"position\":1,\"name\":\"Home\",\"item\":\"https:\\\/\\\/frigopo.it\\\/fr\\\/\"},{\"@type\":\"ListItem\",\"position\":2,\"name\":\"Conditions de vente\"}]},{\"@type\":\"WebSite\",\"@id\":\"https:\\\/\\\/frigopo.it\\\/fr\\\/#website\",\"url\":\"https:\\\/\\\/frigopo.it\\\/fr\\\/\",\"name\":\"FRIGO PO\",\"description\":\"Ricambi e guarnizioni per refrigerazione professionale\",\"publisher\":{\"@id\":\"https:\\\/\\\/frigopo.it\\\/fr\\\/#organization\"},\"alternateName\":\"FRIGO PO\",\"potentialAction\":[{\"@type\":\"SearchAction\",\"target\":{\"@type\":\"EntryPoint\",\"urlTemplate\":\"https:\\\/\\\/frigopo.it\\\/fr\\\/?s={search_term_string}\"},\"query-input\":{\"@type\":\"PropertyValueSpecification\",\"valueRequired\":true,\"valueName\":\"search_term_string\"}}],\"inLanguage\":\"fr-FR\"},{\"@type\":\"Organization\",\"@id\":\"https:\\\/\\\/frigopo.it\\\/fr\\\/#organization\",\"name\":\"Frigo Po Srl\",\"url\":\"https:\\\/\\\/frigopo.it\\\/fr\\\/\",\"logo\":{\"@type\":\"ImageObject\",\"inLanguage\":\"fr-FR\",\"@id\":\"https:\\\/\\\/frigopo.it\\\/fr\\\/#\\\/schema\\\/logo\\\/image\\\/\",\"url\":\"https:\\\/\\\/frigopo.it\\\/wp-content\\\/uploads\\\/2023\\\/11\\\/logo-frigopo.webp\",\"contentUrl\":\"https:\\\/\\\/frigopo.it\\\/wp-content\\\/uploads\\\/2023\\\/11\\\/logo-frigopo.webp\",\"width\":480,\"height\":91,\"caption\":\"Frigo Po Srl\"},\"image\":{\"@id\":\"https:\\\/\\\/frigopo.it\\\/fr\\\/#\\\/schema\\\/logo\\\/image\\\/\"}}]}<\/script>\n<!-- \/ Yoast SEO plugin. -->","yoast_head_json":{"title":"Conditions de vente - Frigo Po","robots":{"index":"index","follow":"follow","max-snippet":"max-snippet:-1","max-image-preview":"max-image-preview:large","max-video-preview":"max-video-preview:-1"},"canonical":"https:\/\/frigopo.it\/fr\/conditions-de-vente\/","og_locale":"fr_FR","og_type":"article","og_title":"Conditions de vente - Frigo Po","og_description":"Les prix Les prix indiqu\u00e9s dans les offres et les listes de prix sont sans engagement et peuvent \u00eatre sujets \u00e0 changement sans pr\u00e9avis. Les prix n\u2019incluent pas l\u2019emballage, le transport, la TVA et autres frais accessoires. Commandes minimums Les frais de gestion nous obligent \u00e0 facturer les frais suivants\u00a0: les commandes inf\u00e9rieures \u00e0 100,00\u00a0\u20ac [&hellip;]","og_url":"https:\/\/frigopo.it\/fr\/conditions-de-vente\/","og_site_name":"Frigo Po","article_modified_time":"2024-11-25T16:10:27+00:00","og_image":[{"width":2000,"height":1333,"url":"https:\/\/frigopo.it\/wp-content\/uploads\/2023\/11\/frigopo-ricabi-guarinizioni-frigorifierijpg.jpg","type":"image\/jpeg"}],"twitter_card":"summary_large_image","twitter_misc":{"Dur\u00e9e de lecture estim\u00e9e":"3 minutes"},"schema":{"@context":"https:\/\/schema.org","@graph":[{"@type":"WebPage","@id":"https:\/\/frigopo.it\/fr\/conditions-de-vente\/","url":"https:\/\/frigopo.it\/fr\/conditions-de-vente\/","name":"Conditions de vente - Frigo Po","isPartOf":{"@id":"https:\/\/frigopo.it\/fr\/#website"},"primaryImageOfPage":{"@id":"https:\/\/frigopo.it\/fr\/conditions-de-vente\/#primaryimage"},"image":{"@id":"https:\/\/frigopo.it\/fr\/conditions-de-vente\/#primaryimage"},"thumbnailUrl":"https:\/\/frigopo.it\/wp-content\/uploads\/2023\/11\/frigopo-ricabi-guarinizioni-frigorifierijpg.jpg","datePublished":"2023-11-30T11:21:41+00:00","dateModified":"2024-11-25T16:10:27+00:00","breadcrumb":{"@id":"https:\/\/frigopo.it\/fr\/conditions-de-vente\/#breadcrumb"},"inLanguage":"fr-FR","potentialAction":[{"@type":"ReadAction","target":["https:\/\/frigopo.it\/fr\/conditions-de-vente\/"]}]},{"@type":"ImageObject","inLanguage":"fr-FR","@id":"https:\/\/frigopo.it\/fr\/conditions-de-vente\/#primaryimage","url":"https:\/\/frigopo.it\/wp-content\/uploads\/2023\/11\/frigopo-ricabi-guarinizioni-frigorifierijpg.jpg","contentUrl":"https:\/\/frigopo.it\/wp-content\/uploads\/2023\/11\/frigopo-ricabi-guarinizioni-frigorifierijpg.jpg","width":2000,"height":1333},{"@type":"BreadcrumbList","@id":"https:\/\/frigopo.it\/fr\/conditions-de-vente\/#breadcrumb","itemListElement":[{"@type":"ListItem","position":1,"name":"Home","item":"https:\/\/frigopo.it\/fr\/"},{"@type":"ListItem","position":2,"name":"Conditions de vente"}]},{"@type":"WebSite","@id":"https:\/\/frigopo.it\/fr\/#website","url":"https:\/\/frigopo.it\/fr\/","name":"FRIGO PO","description":"Ricambi e guarnizioni per refrigerazione professionale","publisher":{"@id":"https:\/\/frigopo.it\/fr\/#organization"},"alternateName":"FRIGO PO","potentialAction":[{"@type":"SearchAction","target":{"@type":"EntryPoint","urlTemplate":"https:\/\/frigopo.it\/fr\/?s={search_term_string}"},"query-input":{"@type":"PropertyValueSpecification","valueRequired":true,"valueName":"search_term_string"}}],"inLanguage":"fr-FR"},{"@type":"Organization","@id":"https:\/\/frigopo.it\/fr\/#organization","name":"Frigo Po Srl","url":"https:\/\/frigopo.it\/fr\/","logo":{"@type":"ImageObject","inLanguage":"fr-FR","@id":"https:\/\/frigopo.it\/fr\/#\/schema\/logo\/image\/","url":"https:\/\/frigopo.it\/wp-content\/uploads\/2023\/11\/logo-frigopo.webp","contentUrl":"https:\/\/frigopo.it\/wp-content\/uploads\/2023\/11\/logo-frigopo.webp","width":480,"height":91,"caption":"Frigo Po Srl"},"image":{"@id":"https:\/\/frigopo.it\/fr\/#\/schema\/logo\/image\/"}}]}},"_links":{"self":[{"href":"https:\/\/frigopo.it\/fr\/wp-json\/wp\/v2\/pages\/32435","targetHints":{"allow":["GET"]}}],"collection":[{"href":"https:\/\/frigopo.it\/fr\/wp-json\/wp\/v2\/pages"}],"about":[{"href":"https:\/\/frigopo.it\/fr\/wp-json\/wp\/v2\/types\/page"}],"author":[{"embeddable":true,"href":"https:\/\/frigopo.it\/fr\/wp-json\/wp\/v2\/users\/1"}],"replies":[{"embeddable":true,"href":"https:\/\/frigopo.it\/fr\/wp-json\/wp\/v2\/comments?post=32435"}],"version-history":[{"count":4,"href":"https:\/\/frigopo.it\/fr\/wp-json\/wp\/v2\/pages\/32435\/revisions"}],"predecessor-version":[{"id":32439,"href":"https:\/\/frigopo.it\/fr\/wp-json\/wp\/v2\/pages\/32435\/revisions\/32439"}],"wp:featuredmedia":[{"embeddable":true,"href":"https:\/\/frigopo.it\/fr\/wp-json\/wp\/v2\/media\/31814"}],"wp:attachment":[{"href":"https:\/\/frigopo.it\/fr\/wp-json\/wp\/v2\/media?parent=32435"}],"curies":[{"name":"wp","href":"https:\/\/api.w.org\/{rel}","templated":true}]}}