{"id":32012,"date":"2024-02-12T14:03:00","date_gmt":"2024-02-12T13:03:00","guid":{"rendered":"https:\/\/frigopo.it\/offres\/"},"modified":"2024-11-21T16:38:04","modified_gmt":"2024-11-21T15:38:04","slug":"offres","status":"publish","type":"page","link":"https:\/\/frigopo.it\/fr\/offres\/","title":{"rendered":"Offres"},"content":{"rendered":"\t\t<div data-elementor-type=\"wp-page\" data-elementor-id=\"32012\" class=\"elementor elementor-32012 elementor-31489\" data-elementor-post-type=\"page\">\n\t\t\t\t\t\t<section class=\"elementor-section elementor-top-section elementor-element elementor-element-13803aa elementor-section-boxed elementor-section-height-default elementor-section-height-default\" data-id=\"13803aa\" data-element_type=\"section\">\n\t\t\t\t\t\t<div class=\"elementor-container elementor-column-gap-extended\">\n\t\t\t\t\t<div class=\"elementor-column elementor-col-33 elementor-top-column elementor-element elementor-element-dba3338\" data-id=\"dba3338\" data-element_type=\"column\">\n\t\t\t<div class=\"elementor-widget-wrap elementor-element-populated\">\n\t\t\t\t\t\t<div class=\"elementor-element elementor-element-90633eb elementor-widget elementor-widget-image\" data-id=\"90633eb\" data-element_type=\"widget\" data-widget_type=\"image.default\">\n\t\t\t\t<div class=\"elementor-widget-container\">\n\t\t\t\t\t\t\t\t\t\t\t\t\t\t\t<img fetchpriority=\"high\" decoding=\"async\" width=\"300\" height=\"278\" src=\"https:\/\/frigopo.it\/wp-content\/uploads\/2024\/02\/08949-1-300x278.jpg\" class=\"attachment-medium size-medium wp-image-31513\" alt=\"\" srcset=\"https:\/\/frigopo.it\/wp-content\/uploads\/2024\/02\/08949-1-300x278.jpg 300w, https:\/\/frigopo.it\/wp-content\/uploads\/2024\/02\/08949-1-100x93.jpg 100w, https:\/\/frigopo.it\/wp-content\/uploads\/2024\/02\/08949-1-350x325.jpg 350w, https:\/\/frigopo.it\/wp-content\/uploads\/2024\/02\/08949-1.jpg 444w\" sizes=\"(max-width: 300px) 100vw, 300px\" \/>\t\t\t\t\t\t\t\t\t\t\t\t\t\t\t<\/div>\n\t\t\t\t<\/div>\n\t\t\t\t<div class=\"elementor-element elementor-element-8dd7678 elementor-widget elementor-widget-heading\" data-id=\"8dd7678\" data-element_type=\"widget\" data-widget_type=\"heading.default\">\n\t\t\t\t<div class=\"elementor-widget-container\">\n\t\t\t\t\t<h5 class=\"elementor-heading-title elementor-size-default\">CODE 08949<\/h5>\t\t\t\t<\/div>\n\t\t\t\t<\/div>\n\t\t\t\t<div class=\"elementor-element elementor-element-5c86d68 elementor-widget elementor-widget-text-editor\" data-id=\"5c86d68\" data-element_type=\"widget\" data-widget_type=\"text-editor.default\">\n\t\t\t\t<div class=\"elementor-widget-container\">\n\t\t\t\t\t\t\t\t\t<p style=\"text-align: center;\"><strong>ROBINET PERFORATEUR BPV 21 (MADE IN U.S.A.) POUR TUYAUX \u00d8 12,7 \u2013 15,8 mm, RACCORD 1\/4 SAE<\/strong><\/p>\n<p style=\"text-align: center;\">PRIX NET SP\u00c9CIAL POUR COMMANDE MINIMUM DE <b>15 PZ<\/b>. \u20ac 6,00 + IVA PRIX NET SP\u00c9CIAL POUR COMMANDE MINIMUM DE <\/p>\n\t\t\t\t\t\t\t\t<\/div>\n\t\t\t\t<\/div>\n\t\t\t\t<div class=\"elementor-element elementor-element-48ac213 elementor-button-info elementor-align-center elementor-tablet-align-center elementor-widget elementor-widget-button\" data-id=\"48ac213\" data-element_type=\"widget\" data-widget_type=\"button.default\">\n\t\t\t\t<div class=\"elementor-widget-container\">\n\t\t\t\t\t\t\t\t\t<div class=\"elementor-button-wrapper\">\n\t\t\t\t\t<a class=\"elementor-button elementor-button-link elementor-size-sm\" href=\"https:\/\/frigopo.it\/fr\/contacts\/\">\n\t\t\t\t\t\t<span class=\"elementor-button-content-wrapper\">\n\t\t\t\t\t\t\t\t\t<span class=\"elementor-button-text\">Demander<\/span>\n\t\t\t\t\t<\/span>\n\t\t\t\t\t<\/a>\n\t\t\t\t<\/div>\n\t\t\t\t\t\t\t\t<\/div>\n\t\t\t\t<\/div>\n\t\t\t\t\t<\/div>\n\t\t<\/div>\n\t\t\t\t<div class=\"elementor-column elementor-col-33 elementor-top-column elementor-element elementor-element-e7e0ede\" data-id=\"e7e0ede\" data-element_type=\"column\">\n\t\t\t<div class=\"elementor-widget-wrap elementor-element-populated\">\n\t\t\t\t\t\t<div class=\"elementor-element elementor-element-c6003cd elementor-widget elementor-widget-image\" data-id=\"c6003cd\" data-element_type=\"widget\" data-widget_type=\"image.default\">\n\t\t\t\t<div class=\"elementor-widget-container\">\n\t\t\t\t\t\t\t\t\t\t\t\t\t\t\t<img decoding=\"async\" width=\"300\" height=\"278\" src=\"https:\/\/frigopo.it\/wp-content\/uploads\/2024\/02\/08798-300x278.jpg\" class=\"attachment-medium size-medium wp-image-32013\" alt=\"\" srcset=\"https:\/\/frigopo.it\/wp-content\/uploads\/2024\/02\/08798-300x278.jpg 300w, https:\/\/frigopo.it\/wp-content\/uploads\/2024\/02\/08798-100x93.jpg 100w, https:\/\/frigopo.it\/wp-content\/uploads\/2024\/02\/08798-350x325.jpg 350w, https:\/\/frigopo.it\/wp-content\/uploads\/2024\/02\/08798.jpg 444w\" sizes=\"(max-width: 300px) 100vw, 300px\" \/>\t\t\t\t\t\t\t\t\t\t\t\t\t\t\t<\/div>\n\t\t\t\t<\/div>\n\t\t\t\t<div class=\"elementor-element elementor-element-6f02cc9 elementor-widget elementor-widget-heading\" data-id=\"6f02cc9\" data-element_type=\"widget\" data-widget_type=\"heading.default\">\n\t\t\t\t<div class=\"elementor-widget-container\">\n\t\t\t\t\t<h5 class=\"elementor-heading-title elementor-size-default\">CODE 08798<\/h5>\t\t\t\t<\/div>\n\t\t\t\t<\/div>\n\t\t\t\t<div class=\"elementor-element elementor-element-cbfde2c elementor-widget elementor-widget-text-editor\" data-id=\"cbfde2c\" data-element_type=\"widget\" data-widget_type=\"text-editor.default\">\n\t\t\t\t<div class=\"elementor-widget-container\">\n\t\t\t\t\t\t\t\t\t<p style=\"text-align: center;\"><strong>2 ENREGISTREURS DE DONN\u00c9ES + LOGICIEL D\u00c9DI\u00c9<\/strong><\/p>\n<p style=\"text-align: center;\">PRIX NET SP\u00c9CIAL 230,00 \u20ac + TVA PRIX VALABLE UNIQUEMENT POUR L\u2019ACHAT DU PAQUET COMPLET (JUSQU\u2019\u00c0 \u00c9PUISEMENT DES STOCKS \/ DEMANDER DES INFORMATIONS)<\/p>\n\t\t\t\t\t\t\t\t<\/div>\n\t\t\t\t<\/div>\n\t\t\t\t<div class=\"elementor-element elementor-element-91ed8e6 elementor-button-info elementor-align-center elementor-tablet-align-center elementor-widget elementor-widget-button\" data-id=\"91ed8e6\" data-element_type=\"widget\" data-widget_type=\"button.default\">\n\t\t\t\t<div class=\"elementor-widget-container\">\n\t\t\t\t\t\t\t\t\t<div class=\"elementor-button-wrapper\">\n\t\t\t\t\t<a class=\"elementor-button elementor-button-link elementor-size-sm\" href=\"https:\/\/frigopo.it\/fr\/contacts\/\">\n\t\t\t\t\t\t<span class=\"elementor-button-content-wrapper\">\n\t\t\t\t\t\t\t\t\t<span class=\"elementor-button-text\">Demander<\/span>\n\t\t\t\t\t<\/span>\n\t\t\t\t\t<\/a>\n\t\t\t\t<\/div>\n\t\t\t\t\t\t\t\t<\/div>\n\t\t\t\t<\/div>\n\t\t\t\t\t<\/div>\n\t\t<\/div>\n\t\t\t\t<div class=\"elementor-column elementor-col-33 elementor-top-column elementor-element elementor-element-3adca4c elementor-hidden-desktop elementor-hidden-tablet elementor-hidden-mobile\" data-id=\"3adca4c\" data-element_type=\"column\">\n\t\t\t<div class=\"elementor-widget-wrap elementor-element-populated\">\n\t\t\t\t\t\t<div class=\"elementor-element elementor-element-51c233f elementor-widget elementor-widget-image\" data-id=\"51c233f\" data-element_type=\"widget\" data-widget_type=\"image.default\">\n\t\t\t\t<div class=\"elementor-widget-container\">\n\t\t\t\t\t\t\t\t\t\t\t\t\t\t\t<img decoding=\"async\" width=\"300\" height=\"229\" src=\"https:\/\/frigopo.it\/wp-content\/uploads\/08991-08992-300x229.png\" class=\"attachment-medium size-medium wp-image-31854\" alt=\"\" srcset=\"https:\/\/frigopo.it\/wp-content\/uploads\/08991-08992-300x229.png 300w, https:\/\/frigopo.it\/wp-content\/uploads\/08991-08992-100x76.png 100w, https:\/\/frigopo.it\/wp-content\/uploads\/08991-08992-350x268.png 350w, https:\/\/frigopo.it\/wp-content\/uploads\/08991-08992-480x367.png 480w, https:\/\/frigopo.it\/wp-content\/uploads\/08991-08992.png 519w\" sizes=\"(max-width: 300px) 100vw, 300px\" \/>\t\t\t\t\t\t\t\t\t\t\t\t\t\t\t<\/div>\n\t\t\t\t<\/div>\n\t\t\t\t<div class=\"elementor-element elementor-element-2d1b268 elementor-widget elementor-widget-heading\" data-id=\"2d1b268\" data-element_type=\"widget\" data-widget_type=\"heading.default\">\n\t\t\t\t<div class=\"elementor-widget-container\">\n\t\t\t\t\t<h5 class=\"elementor-heading-title elementor-size-default\">CODE 08991<\/h5>\t\t\t\t<\/div>\n\t\t\t\t<\/div>\n\t\t\t\t<div class=\"elementor-element elementor-element-295fc0a elementor-widget elementor-widget-text-editor\" data-id=\"295fc0a\" data-element_type=\"widget\" data-widget_type=\"text-editor.default\">\n\t\t\t\t<div class=\"elementor-widget-container\">\n\t\t\t\t\t\t\t\t\t<p style=\"text-align: center;\"><strong>ENREGISTREUR GRAPHIQUE DE TEMP\u00c9RATURE -10 \u00b0C +40 \u00b0C JULES RICHARD, CONTR\u00d4LE HEBDOMADAIRE HORLOGE \u00c0 QUARTZ AVEC BATTERIE 1,5 V AVEC SERRURE ET SUPPORT POUR FIXATION MURALE<\/strong><\/p>\n<p style=\"text-align: center;\">PRIX NET SP\u00c9CIAL 350,00 \u20ac + TVA (JUSQU\u2019\u00c0 \u00c9PUISEMENT DES STOCKS)<\/p>\n\t\t\t\t\t\t\t\t<\/div>\n\t\t\t\t<\/div>\n\t\t\t\t<div class=\"elementor-element elementor-element-2633f04 elementor-button-info elementor-align-center elementor-tablet-align-center elementor-widget elementor-widget-button\" data-id=\"2633f04\" data-element_type=\"widget\" data-widget_type=\"button.default\">\n\t\t\t\t<div class=\"elementor-widget-container\">\n\t\t\t\t\t\t\t\t\t<div class=\"elementor-button-wrapper\">\n\t\t\t\t\t<a class=\"elementor-button elementor-button-link elementor-size-sm\" href=\"https:\/\/frigopo.it\/fr\/contacts\/\">\n\t\t\t\t\t\t<span class=\"elementor-button-content-wrapper\">\n\t\t\t\t\t\t\t\t\t<span class=\"elementor-button-text\">Demander<\/span>\n\t\t\t\t\t<\/span>\n\t\t\t\t\t<\/a>\n\t\t\t\t<\/div>\n\t\t\t\t\t\t\t\t<\/div>\n\t\t\t\t<\/div>\n\t\t\t\t\t<\/div>\n\t\t<\/div>\n\t\t\t\t\t<\/div>\n\t\t<\/section>\n\t\t\t\t<\/div>\n\t\t","protected":false},"excerpt":{"rendered":"<p>CODE 08949 ROBINET PERFORATEUR BPV 21 (MADE IN U.S.A.) POUR TUYAUX \u00d8 12,7 \u2013 15,8 mm, RACCORD 1\/4 SAE PRIX NET SP\u00c9CIAL POUR COMMANDE MINIMUM DE 15 PZ. \u20ac 6,00 + IVA PRIX NET SP\u00c9CIAL POUR COMMANDE MINIMUM DE Demander CODE 08798 2 ENREGISTREURS DE DONN\u00c9ES + LOGICIEL D\u00c9DI\u00c9 PRIX NET SP\u00c9CIAL 230,00 \u20ac + [&hellip;]<\/p>\n","protected":false},"author":1,"featured_media":0,"parent":0,"menu_order":0,"comment_status":"closed","ping_status":"closed","template":"","meta":{"footnotes":""},"class_list":["post-32012","page","type-page","status-publish","hentry"],"yoast_head":"<!-- This site is optimized with the Yoast SEO plugin v27.3 - https:\/\/yoast.com\/product\/yoast-seo-wordpress\/ -->\n<title>D\u00e9couvrez nos offres - Frigo Po<\/title>\n<meta name=\"description\" content=\"D\u00e9couvrez nos offres. \u00c9conomisez sur les foreuses pour vannes, les enregistreurs de donn\u00e9es avec logiciel et les soudeuses pour joints. Achetez maintenant !\" \/>\n<meta name=\"robots\" content=\"index, follow, max-snippet:-1, max-image-preview:large, max-video-preview:-1\" \/>\n<link rel=\"canonical\" href=\"https:\/\/frigopo.it\/fr\/offres\/\" \/>\n<meta property=\"og:locale\" content=\"fr_FR\" \/>\n<meta property=\"og:type\" content=\"article\" \/>\n<meta property=\"og:title\" content=\"D\u00e9couvrez nos offres - Frigo Po\" \/>\n<meta property=\"og:description\" content=\"D\u00e9couvrez nos offres. \u00c9conomisez sur les foreuses pour vannes, les enregistreurs de donn\u00e9es avec logiciel et les soudeuses pour joints. Achetez maintenant !\" \/>\n<meta property=\"og:url\" content=\"https:\/\/frigopo.it\/fr\/offres\/\" \/>\n<meta property=\"og:site_name\" content=\"Frigo Po\" \/>\n<meta property=\"article:modified_time\" content=\"2024-11-21T15:38:04+00:00\" \/>\n<meta property=\"og:image\" content=\"https:\/\/frigopo.it\/wp-content\/uploads\/2024\/02\/08949-1.jpg\" \/>\n\t<meta property=\"og:image:width\" content=\"444\" \/>\n\t<meta property=\"og:image:height\" content=\"412\" \/>\n\t<meta property=\"og:image:type\" content=\"image\/jpeg\" \/>\n<meta name=\"twitter:card\" content=\"summary_large_image\" \/>\n<meta name=\"twitter:label1\" content=\"Dur\u00e9e de lecture estim\u00e9e\" \/>\n\t<meta name=\"twitter:data1\" content=\"2 minutes\" \/>\n<script type=\"application\/ld+json\" class=\"yoast-schema-graph\">{\"@context\":\"https:\\\/\\\/schema.org\",\"@graph\":[{\"@type\":\"WebPage\",\"@id\":\"https:\\\/\\\/frigopo.it\\\/fr\\\/offres\\\/\",\"url\":\"https:\\\/\\\/frigopo.it\\\/fr\\\/offres\\\/\",\"name\":\"D\u00e9couvrez nos offres - Frigo Po\",\"isPartOf\":{\"@id\":\"https:\\\/\\\/frigopo.it\\\/fr\\\/#website\"},\"primaryImageOfPage\":{\"@id\":\"https:\\\/\\\/frigopo.it\\\/fr\\\/offres\\\/#primaryimage\"},\"image\":{\"@id\":\"https:\\\/\\\/frigopo.it\\\/fr\\\/offres\\\/#primaryimage\"},\"thumbnailUrl\":\"https:\\\/\\\/frigopo.it\\\/wp-content\\\/uploads\\\/2024\\\/02\\\/08949-1-300x278.jpg\",\"datePublished\":\"2024-02-12T13:03:00+00:00\",\"dateModified\":\"2024-11-21T15:38:04+00:00\",\"description\":\"D\u00e9couvrez nos offres. \u00c9conomisez sur les foreuses pour vannes, les enregistreurs de donn\u00e9es avec logiciel et les soudeuses pour joints. Achetez maintenant !\",\"breadcrumb\":{\"@id\":\"https:\\\/\\\/frigopo.it\\\/fr\\\/offres\\\/#breadcrumb\"},\"inLanguage\":\"fr-FR\",\"potentialAction\":[{\"@type\":\"ReadAction\",\"target\":[\"https:\\\/\\\/frigopo.it\\\/fr\\\/offres\\\/\"]}]},{\"@type\":\"ImageObject\",\"inLanguage\":\"fr-FR\",\"@id\":\"https:\\\/\\\/frigopo.it\\\/fr\\\/offres\\\/#primaryimage\",\"url\":\"https:\\\/\\\/frigopo.it\\\/wp-content\\\/uploads\\\/2024\\\/02\\\/08949-1-300x278.jpg\",\"contentUrl\":\"https:\\\/\\\/frigopo.it\\\/wp-content\\\/uploads\\\/2024\\\/02\\\/08949-1-300x278.jpg\"},{\"@type\":\"BreadcrumbList\",\"@id\":\"https:\\\/\\\/frigopo.it\\\/fr\\\/offres\\\/#breadcrumb\",\"itemListElement\":[{\"@type\":\"ListItem\",\"position\":1,\"name\":\"Home\",\"item\":\"https:\\\/\\\/frigopo.it\\\/fr\\\/\"},{\"@type\":\"ListItem\",\"position\":2,\"name\":\"Offres\"}]},{\"@type\":\"WebSite\",\"@id\":\"https:\\\/\\\/frigopo.it\\\/fr\\\/#website\",\"url\":\"https:\\\/\\\/frigopo.it\\\/fr\\\/\",\"name\":\"FRIGO PO\",\"description\":\"Ricambi e guarnizioni per refrigerazione professionale\",\"publisher\":{\"@id\":\"https:\\\/\\\/frigopo.it\\\/fr\\\/#organization\"},\"alternateName\":\"FRIGO PO\",\"potentialAction\":[{\"@type\":\"SearchAction\",\"target\":{\"@type\":\"EntryPoint\",\"urlTemplate\":\"https:\\\/\\\/frigopo.it\\\/fr\\\/?s={search_term_string}\"},\"query-input\":{\"@type\":\"PropertyValueSpecification\",\"valueRequired\":true,\"valueName\":\"search_term_string\"}}],\"inLanguage\":\"fr-FR\"},{\"@type\":\"Organization\",\"@id\":\"https:\\\/\\\/frigopo.it\\\/fr\\\/#organization\",\"name\":\"Frigo Po Srl\",\"url\":\"https:\\\/\\\/frigopo.it\\\/fr\\\/\",\"logo\":{\"@type\":\"ImageObject\",\"inLanguage\":\"fr-FR\",\"@id\":\"https:\\\/\\\/frigopo.it\\\/fr\\\/#\\\/schema\\\/logo\\\/image\\\/\",\"url\":\"https:\\\/\\\/frigopo.it\\\/wp-content\\\/uploads\\\/2023\\\/11\\\/logo-frigopo.webp\",\"contentUrl\":\"https:\\\/\\\/frigopo.it\\\/wp-content\\\/uploads\\\/2023\\\/11\\\/logo-frigopo.webp\",\"width\":480,\"height\":91,\"caption\":\"Frigo Po Srl\"},\"image\":{\"@id\":\"https:\\\/\\\/frigopo.it\\\/fr\\\/#\\\/schema\\\/logo\\\/image\\\/\"}}]}<\/script>\n<!-- \/ Yoast SEO plugin. -->","yoast_head_json":{"title":"D\u00e9couvrez nos offres - Frigo Po","description":"D\u00e9couvrez nos offres. \u00c9conomisez sur les foreuses pour vannes, les enregistreurs de donn\u00e9es avec logiciel et les soudeuses pour joints. Achetez maintenant !","robots":{"index":"index","follow":"follow","max-snippet":"max-snippet:-1","max-image-preview":"max-image-preview:large","max-video-preview":"max-video-preview:-1"},"canonical":"https:\/\/frigopo.it\/fr\/offres\/","og_locale":"fr_FR","og_type":"article","og_title":"D\u00e9couvrez nos offres - Frigo Po","og_description":"D\u00e9couvrez nos offres. \u00c9conomisez sur les foreuses pour vannes, les enregistreurs de donn\u00e9es avec logiciel et les soudeuses pour joints. Achetez maintenant !","og_url":"https:\/\/frigopo.it\/fr\/offres\/","og_site_name":"Frigo Po","article_modified_time":"2024-11-21T15:38:04+00:00","og_image":[{"width":444,"height":412,"url":"https:\/\/frigopo.it\/wp-content\/uploads\/2024\/02\/08949-1.jpg","type":"image\/jpeg"}],"twitter_card":"summary_large_image","twitter_misc":{"Dur\u00e9e de lecture estim\u00e9e":"2 minutes"},"schema":{"@context":"https:\/\/schema.org","@graph":[{"@type":"WebPage","@id":"https:\/\/frigopo.it\/fr\/offres\/","url":"https:\/\/frigopo.it\/fr\/offres\/","name":"D\u00e9couvrez nos offres - Frigo Po","isPartOf":{"@id":"https:\/\/frigopo.it\/fr\/#website"},"primaryImageOfPage":{"@id":"https:\/\/frigopo.it\/fr\/offres\/#primaryimage"},"image":{"@id":"https:\/\/frigopo.it\/fr\/offres\/#primaryimage"},"thumbnailUrl":"https:\/\/frigopo.it\/wp-content\/uploads\/2024\/02\/08949-1-300x278.jpg","datePublished":"2024-02-12T13:03:00+00:00","dateModified":"2024-11-21T15:38:04+00:00","description":"D\u00e9couvrez nos offres. \u00c9conomisez sur les foreuses pour vannes, les enregistreurs de donn\u00e9es avec logiciel et les soudeuses pour joints. Achetez maintenant !","breadcrumb":{"@id":"https:\/\/frigopo.it\/fr\/offres\/#breadcrumb"},"inLanguage":"fr-FR","potentialAction":[{"@type":"ReadAction","target":["https:\/\/frigopo.it\/fr\/offres\/"]}]},{"@type":"ImageObject","inLanguage":"fr-FR","@id":"https:\/\/frigopo.it\/fr\/offres\/#primaryimage","url":"https:\/\/frigopo.it\/wp-content\/uploads\/2024\/02\/08949-1-300x278.jpg","contentUrl":"https:\/\/frigopo.it\/wp-content\/uploads\/2024\/02\/08949-1-300x278.jpg"},{"@type":"BreadcrumbList","@id":"https:\/\/frigopo.it\/fr\/offres\/#breadcrumb","itemListElement":[{"@type":"ListItem","position":1,"name":"Home","item":"https:\/\/frigopo.it\/fr\/"},{"@type":"ListItem","position":2,"name":"Offres"}]},{"@type":"WebSite","@id":"https:\/\/frigopo.it\/fr\/#website","url":"https:\/\/frigopo.it\/fr\/","name":"FRIGO PO","description":"Ricambi e guarnizioni per refrigerazione professionale","publisher":{"@id":"https:\/\/frigopo.it\/fr\/#organization"},"alternateName":"FRIGO PO","potentialAction":[{"@type":"SearchAction","target":{"@type":"EntryPoint","urlTemplate":"https:\/\/frigopo.it\/fr\/?s={search_term_string}"},"query-input":{"@type":"PropertyValueSpecification","valueRequired":true,"valueName":"search_term_string"}}],"inLanguage":"fr-FR"},{"@type":"Organization","@id":"https:\/\/frigopo.it\/fr\/#organization","name":"Frigo Po Srl","url":"https:\/\/frigopo.it\/fr\/","logo":{"@type":"ImageObject","inLanguage":"fr-FR","@id":"https:\/\/frigopo.it\/fr\/#\/schema\/logo\/image\/","url":"https:\/\/frigopo.it\/wp-content\/uploads\/2023\/11\/logo-frigopo.webp","contentUrl":"https:\/\/frigopo.it\/wp-content\/uploads\/2023\/11\/logo-frigopo.webp","width":480,"height":91,"caption":"Frigo Po Srl"},"image":{"@id":"https:\/\/frigopo.it\/fr\/#\/schema\/logo\/image\/"}}]}},"_links":{"self":[{"href":"https:\/\/frigopo.it\/fr\/wp-json\/wp\/v2\/pages\/32012","targetHints":{"allow":["GET"]}}],"collection":[{"href":"https:\/\/frigopo.it\/fr\/wp-json\/wp\/v2\/pages"}],"about":[{"href":"https:\/\/frigopo.it\/fr\/wp-json\/wp\/v2\/types\/page"}],"author":[{"embeddable":true,"href":"https:\/\/frigopo.it\/fr\/wp-json\/wp\/v2\/users\/1"}],"replies":[{"embeddable":true,"href":"https:\/\/frigopo.it\/fr\/wp-json\/wp\/v2\/comments?post=32012"}],"version-history":[{"count":4,"href":"https:\/\/frigopo.it\/fr\/wp-json\/wp\/v2\/pages\/32012\/revisions"}],"predecessor-version":[{"id":32132,"href":"https:\/\/frigopo.it\/fr\/wp-json\/wp\/v2\/pages\/32012\/revisions\/32132"}],"wp:attachment":[{"href":"https:\/\/frigopo.it\/fr\/wp-json\/wp\/v2\/media?parent=32012"}],"curies":[{"name":"wp","href":"https:\/\/api.w.org\/{rel}","templated":true}]}}