{"id":31904,"date":"2023-12-27T13:30:03","date_gmt":"2023-12-27T12:30:03","guid":{"rendered":"https:\/\/frigopo.it\/joints-compatibles\/"},"modified":"2024-11-19T13:47:26","modified_gmt":"2024-11-19T12:47:26","slug":"joints-compatibles","status":"publish","type":"page","link":"https:\/\/frigopo.it\/fr\/joints-compatibles\/","title":{"rendered":"Joints compatibles"},"content":{"rendered":"\t\t<div data-elementor-type=\"wp-page\" data-elementor-id=\"31904\" class=\"elementor elementor-31904 elementor-31461\" data-elementor-post-type=\"page\">\n\t\t\t\t\t\t<section class=\"elementor-section elementor-top-section elementor-element elementor-element-9519e7f elementor-section-boxed elementor-section-height-default elementor-section-height-default\" data-id=\"9519e7f\" data-element_type=\"section\">\n\t\t\t\t\t\t<div class=\"elementor-container elementor-column-gap-default\">\n\t\t\t\t\t<div class=\"elementor-column elementor-col-100 elementor-top-column elementor-element elementor-element-39e4e96\" data-id=\"39e4e96\" data-element_type=\"column\">\n\t\t\t<div class=\"elementor-widget-wrap elementor-element-populated\">\n\t\t\t\t\t\t<div class=\"elementor-element elementor-element-bcadc42 lte-heading-align-tablet-center lte-heading-align-center elementor-widget elementor-widget-lte-header\" data-id=\"bcadc42\" data-element_type=\"widget\" data-widget_type=\"lte-header.default\">\n\t\t\t\t<div class=\"elementor-widget-container\">\n\t\t\t\t\t<div class=\"lte-heading lte-style-header-subheader lte-subcolor-main has-subheader has-watermark heading-tag-h3 heading-subtag-h6\"><div class=\"lte-heading-content\"><h6 class=\"lte-subheader\">D\u00e9couvrez tous nos joints<\/h6><h3 class=\"lte-header\">Joints compatibles pour r\u00e9frig\u00e9rateurs<\/h3><span class=\"lte-watermark\">Guarnizioni<\/span><\/div><\/div>\t\t\t\t<\/div>\n\t\t\t\t<\/div>\n\t\t\t\t<div class=\"elementor-element elementor-element-76efc3e elementor-widget__width-initial elementor-widget elementor-widget-lte-price\" data-id=\"76efc3e\" data-element_type=\"widget\" data-widget_type=\"lte-price.default\">\n\t\t\t\t<div class=\"elementor-widget-container\">\n\t\t\t\t\t<div class=\"lte-price-sc-wrapper lte-price-sc lte-filter-container lte-layout-two-cols lte-scroll-\"><div class=\"lte-items\">\t\t\t\t<div class=\"lte-item\">\r\n\t\t\t\t    <div class=\"lte-description\">\r\n\t\t\t\t    \t<div class=\"lte-title\">\r\n\t\t\t        \t\t<h6 class=\"lte-header\"><a href=\"\/file\/guarnizioni\/guarnizioni-magnetiche-compatibili-armadi-tavoli.pdf\">Joints magn\u00e9tiques compatibles pour armoires et tables r\u00e9frig\u00e9r\u00e9es<\/a><\/h6>\r\n\t\t\t        \t\t<span class=\"lte-dots\"><\/span>\r\n\t\t\t        \t\t<h6 class=\"lte-header lte-price highlight\"><a href=\"\/file\/guarnizioni\/guarnizioni-magnetiche-compatibili-armadi-tavoli.pdf\"><img decoding=\"async\" src=\"https:\/\/frigopo.it\/wp-content\/uploads\/2023\/11\/pdf.png\" style=\"width:80px\"><\/a><\/h6>\r\n\t\t\t        \t<\/div>\r\n\t\t\t        \t<div class=\"lte-descr\">\r\n\t\t\t        \t\t\u00c0 encastrement pour armoires et vitrines, \u00e0 encastrement pour tables, 3\u00a0c\u00f4t\u00e9s magn\u00e9tiques, \u00e0 demi-bord viss\u00e9e,...\t\t\t        \t<\/div>\r\n\t\t\t\t    <\/div>\r\n\t\t\t\t<\/div>\r\n\t\t\t\t\t\t\t\t<div class=\"lte-item\">\r\n\t\t\t\t    <div class=\"lte-description\">\r\n\t\t\t\t    \t<div class=\"lte-title\">\r\n\t\t\t        \t\t<h6 class=\"lte-header\"><a href=\"\/file\/guarnizioni\/guarnizioni-in-barre-armadi-tavoli.pdf\"> Joints au m\u00e8tre et en barres pour chambres froides et armoires frigorifiques<\/a><\/h6>\r\n\t\t\t        \t\t<span class=\"lte-dots\"><\/span>\r\n\t\t\t        \t\t<h6 class=\"lte-header lte-price highlight\"><a href=\"\/file\/guarnizioni\/guarnizioni-in-barre-armadi-tavoli.pdf\"><img decoding=\"async\" src=\"https:\/\/frigopo.it\/wp-content\/uploads\/2023\/11\/pdf.png\" style=\"width:80px\"><\/a><\/h6>\r\n\t\t\t        \t<\/div>\r\n\t\t\t        \t<div class=\"lte-descr\">\r\n\t\t\t        \t\t\u00c0 encastrement, demi-bord (viss\u00e9e), \u00e0 encastrement pour chambres froides, mod\u00e8le\u00a09796 pour chambres froides et armoires, en rouleaux de 3\u00a0m, porte pivotante TN, face avant, 4\u00a0c\u00f4t\u00e9s magn\u00e9tiques par mini-chambres froides, tubulaire en silicone, en paquet de 6\u00a0m,...\t\t\t        \t<\/div>\r\n\t\t\t\t    <\/div>\r\n\t\t\t\t<\/div>\r\n\t\t\t\t\t\t\t\t<div class=\"lte-item\">\r\n\t\t\t\t    <div class=\"lte-description\">\r\n\t\t\t\t    \t<div class=\"lte-title\">\r\n\t\t\t        \t\t<h6 class=\"lte-header\"><a href=\"\/file\/guarnizioni\/guarnizioni-abbattitore.pdf\">  Joints pour cellules de refroidissement<\/a><\/h6>\r\n\t\t\t        \t\t<span class=\"lte-dots\"><\/span>\r\n\t\t\t        \t\t<h6 class=\"lte-header lte-price highlight\"><a href=\"\/file\/guarnizioni\/guarnizioni-abbattitore.pdf\"><img decoding=\"async\" src=\"https:\/\/frigopo.it\/wp-content\/uploads\/2023\/11\/pdf.png\" style=\"width:40px\"><\/a><\/h6>\r\n\t\t\t        \t<\/div>\r\n\t\t\t        \t<div class=\"lte-descr\">\r\n\t\t\t        \t\t\u00c0 encastrement pour cellule de refroidissement AMX\u00a015T, AMX\u00a010T, AMX3T, AMX5T, 725-RIM\u00a01025, IM 101L, AM 2L, AM 1L, IM 15M-A,...\t\t\t        \t<\/div>\r\n\t\t\t\t    <\/div>\r\n\t\t\t\t<\/div>\r\n\t\t\t\t\t\t\t\t<div class=\"lte-item\">\r\n\t\t\t\t    <div class=\"lte-description\">\r\n\t\t\t\t    \t<div class=\"lte-title\">\r\n\t\t\t        \t\t<h6 class=\"lte-header\"><a href=\"\/file\/guarnizioni\/guarnizioni-su-misura.pdf\">Joints sur mesure<\/a><\/h6>\r\n\t\t\t        \t\t<span class=\"lte-dots\"><\/span>\r\n\t\t\t        \t\t<h6 class=\"lte-header lte-price highlight\"><a href=\"\/file\/guarnizioni\/guarnizioni-su-misura.pdf\"><img decoding=\"async\" src=\"https:\/\/frigopo.it\/wp-content\/uploads\/2023\/11\/pdf.png\" style=\"width:40px\"><\/a><\/h6>\r\n\t\t\t        \t<\/div>\r\n\t\t\t        \t<div class=\"lte-descr\">\r\n\t\t\t        \t\t\u00c0 encastrement (p\u00e9rim\u00e8tre jusqu\u2019\u00e0 3\u00a0m, de 3 \u00e0 5,39\u00a0m, plus de 5,4\u00a0m),...\t\t\t        \t<\/div>\r\n\t\t\t\t    <\/div>\r\n\t\t\t\t<\/div>\r\n\t\t\t\t<\/div><\/div>\t\t\t\t<\/div>\n\t\t\t\t<\/div>\n\t\t\t\t<div class=\"elementor-element elementor-element-950554b elementor-widget elementor-widget-spacer\" data-id=\"950554b\" data-element_type=\"widget\" data-widget_type=\"spacer.default\">\n\t\t\t\t<div class=\"elementor-widget-container\">\n\t\t\t\t\t\t\t<div class=\"elementor-spacer\">\n\t\t\t<div class=\"elementor-spacer-inner\"><\/div>\n\t\t<\/div>\n\t\t\t\t\t\t<\/div>\n\t\t\t\t<\/div>\n\t\t\t\t\t<\/div>\n\t\t<\/div>\n\t\t\t\t\t<\/div>\n\t\t<\/section>\n\t\t\t\t<\/div>\n\t\t","protected":false},"excerpt":{"rendered":"<p>D\u00e9couvrez tous nos joints Joints compatibles pour r\u00e9frig\u00e9rateurs Guarnizioni Joints magn\u00e9tiques compatibles pour armoires et tables r\u00e9frig\u00e9r\u00e9es \u00c0 encastrement pour armoires et vitrines, \u00e0 encastrement pour tables, 3\u00a0c\u00f4t\u00e9s magn\u00e9tiques, \u00e0 demi-bord viss\u00e9e,&#8230; Joints au m\u00e8tre et en barres pour chambres froides et armoires frigorifiques \u00c0 encastrement, demi-bord (viss\u00e9e), \u00e0 encastrement pour chambres froides, mod\u00e8le\u00a09796 pour [&hellip;]<\/p>\n","protected":false},"author":1,"featured_media":0,"parent":0,"menu_order":0,"comment_status":"closed","ping_status":"closed","template":"","meta":{"footnotes":""},"class_list":["post-31904","page","type-page","status-publish","hentry"],"yoast_head":"<!-- This site is optimized with the Yoast SEO plugin v27.3 - https:\/\/yoast.com\/product\/yoast-seo-wordpress\/ -->\n<title>Joints compatibles - Frigo Po<\/title>\n<meta name=\"robots\" content=\"index, follow, max-snippet:-1, max-image-preview:large, max-video-preview:-1\" \/>\n<link rel=\"canonical\" href=\"https:\/\/frigopo.it\/fr\/joints-compatibles\/\" \/>\n<meta property=\"og:locale\" content=\"fr_FR\" \/>\n<meta property=\"og:type\" content=\"article\" \/>\n<meta property=\"og:title\" content=\"Joints compatibles - Frigo Po\" \/>\n<meta property=\"og:description\" content=\"D\u00e9couvrez tous nos joints Joints compatibles pour r\u00e9frig\u00e9rateurs Guarnizioni Joints magn\u00e9tiques compatibles pour armoires et tables r\u00e9frig\u00e9r\u00e9es \u00c0 encastrement pour armoires et vitrines, \u00e0 encastrement pour tables, 3\u00a0c\u00f4t\u00e9s magn\u00e9tiques, \u00e0 demi-bord viss\u00e9e,&#8230; Joints au m\u00e8tre et en barres pour chambres froides et armoires frigorifiques \u00c0 encastrement, demi-bord (viss\u00e9e), \u00e0 encastrement pour chambres froides, mod\u00e8le\u00a09796 pour [&hellip;]\" \/>\n<meta property=\"og:url\" content=\"https:\/\/frigopo.it\/fr\/joints-compatibles\/\" \/>\n<meta property=\"og:site_name\" content=\"Frigo Po\" \/>\n<meta property=\"article:modified_time\" content=\"2024-11-19T12:47:26+00:00\" \/>\n<meta property=\"og:image\" content=\"https:\/\/frigopo.it\/wp-content\/uploads\/2023\/11\/pdf.png\" \/>\n<meta name=\"twitter:card\" content=\"summary_large_image\" \/>\n<meta name=\"twitter:label1\" content=\"Dur\u00e9e de lecture estim\u00e9e\" \/>\n\t<meta name=\"twitter:data1\" content=\"2 minutes\" \/>\n<script type=\"application\/ld+json\" class=\"yoast-schema-graph\">{\"@context\":\"https:\\\/\\\/schema.org\",\"@graph\":[{\"@type\":\"WebPage\",\"@id\":\"https:\\\/\\\/frigopo.it\\\/fr\\\/joints-compatibles\\\/\",\"url\":\"https:\\\/\\\/frigopo.it\\\/fr\\\/joints-compatibles\\\/\",\"name\":\"Joints compatibles - Frigo Po\",\"isPartOf\":{\"@id\":\"https:\\\/\\\/frigopo.it\\\/fr\\\/#website\"},\"primaryImageOfPage\":{\"@id\":\"https:\\\/\\\/frigopo.it\\\/fr\\\/joints-compatibles\\\/#primaryimage\"},\"image\":{\"@id\":\"https:\\\/\\\/frigopo.it\\\/fr\\\/joints-compatibles\\\/#primaryimage\"},\"thumbnailUrl\":\"https:\\\/\\\/frigopo.it\\\/wp-content\\\/uploads\\\/2023\\\/11\\\/pdf.png\",\"datePublished\":\"2023-12-27T12:30:03+00:00\",\"dateModified\":\"2024-11-19T12:47:26+00:00\",\"breadcrumb\":{\"@id\":\"https:\\\/\\\/frigopo.it\\\/fr\\\/joints-compatibles\\\/#breadcrumb\"},\"inLanguage\":\"fr-FR\",\"potentialAction\":[{\"@type\":\"ReadAction\",\"target\":[\"https:\\\/\\\/frigopo.it\\\/fr\\\/joints-compatibles\\\/\"]}]},{\"@type\":\"ImageObject\",\"inLanguage\":\"fr-FR\",\"@id\":\"https:\\\/\\\/frigopo.it\\\/fr\\\/joints-compatibles\\\/#primaryimage\",\"url\":\"https:\\\/\\\/frigopo.it\\\/wp-content\\\/uploads\\\/2023\\\/11\\\/pdf.png\",\"contentUrl\":\"https:\\\/\\\/frigopo.it\\\/wp-content\\\/uploads\\\/2023\\\/11\\\/pdf.png\"},{\"@type\":\"BreadcrumbList\",\"@id\":\"https:\\\/\\\/frigopo.it\\\/fr\\\/joints-compatibles\\\/#breadcrumb\",\"itemListElement\":[{\"@type\":\"ListItem\",\"position\":1,\"name\":\"Home\",\"item\":\"https:\\\/\\\/frigopo.it\\\/fr\\\/\"},{\"@type\":\"ListItem\",\"position\":2,\"name\":\"Joints compatibles\"}]},{\"@type\":\"WebSite\",\"@id\":\"https:\\\/\\\/frigopo.it\\\/fr\\\/#website\",\"url\":\"https:\\\/\\\/frigopo.it\\\/fr\\\/\",\"name\":\"FRIGO PO\",\"description\":\"Ricambi e guarnizioni per refrigerazione professionale\",\"publisher\":{\"@id\":\"https:\\\/\\\/frigopo.it\\\/fr\\\/#organization\"},\"alternateName\":\"FRIGO PO\",\"potentialAction\":[{\"@type\":\"SearchAction\",\"target\":{\"@type\":\"EntryPoint\",\"urlTemplate\":\"https:\\\/\\\/frigopo.it\\\/fr\\\/?s={search_term_string}\"},\"query-input\":{\"@type\":\"PropertyValueSpecification\",\"valueRequired\":true,\"valueName\":\"search_term_string\"}}],\"inLanguage\":\"fr-FR\"},{\"@type\":\"Organization\",\"@id\":\"https:\\\/\\\/frigopo.it\\\/fr\\\/#organization\",\"name\":\"Frigo Po Srl\",\"url\":\"https:\\\/\\\/frigopo.it\\\/fr\\\/\",\"logo\":{\"@type\":\"ImageObject\",\"inLanguage\":\"fr-FR\",\"@id\":\"https:\\\/\\\/frigopo.it\\\/fr\\\/#\\\/schema\\\/logo\\\/image\\\/\",\"url\":\"https:\\\/\\\/frigopo.it\\\/wp-content\\\/uploads\\\/2023\\\/11\\\/logo-frigopo.webp\",\"contentUrl\":\"https:\\\/\\\/frigopo.it\\\/wp-content\\\/uploads\\\/2023\\\/11\\\/logo-frigopo.webp\",\"width\":480,\"height\":91,\"caption\":\"Frigo Po Srl\"},\"image\":{\"@id\":\"https:\\\/\\\/frigopo.it\\\/fr\\\/#\\\/schema\\\/logo\\\/image\\\/\"}}]}<\/script>\n<!-- \/ Yoast SEO plugin. -->","yoast_head_json":{"title":"Joints compatibles - Frigo Po","robots":{"index":"index","follow":"follow","max-snippet":"max-snippet:-1","max-image-preview":"max-image-preview:large","max-video-preview":"max-video-preview:-1"},"canonical":"https:\/\/frigopo.it\/fr\/joints-compatibles\/","og_locale":"fr_FR","og_type":"article","og_title":"Joints compatibles - Frigo Po","og_description":"D\u00e9couvrez tous nos joints Joints compatibles pour r\u00e9frig\u00e9rateurs Guarnizioni Joints magn\u00e9tiques compatibles pour armoires et tables r\u00e9frig\u00e9r\u00e9es \u00c0 encastrement pour armoires et vitrines, \u00e0 encastrement pour tables, 3\u00a0c\u00f4t\u00e9s magn\u00e9tiques, \u00e0 demi-bord viss\u00e9e,&#8230; Joints au m\u00e8tre et en barres pour chambres froides et armoires frigorifiques \u00c0 encastrement, demi-bord (viss\u00e9e), \u00e0 encastrement pour chambres froides, mod\u00e8le\u00a09796 pour [&hellip;]","og_url":"https:\/\/frigopo.it\/fr\/joints-compatibles\/","og_site_name":"Frigo Po","article_modified_time":"2024-11-19T12:47:26+00:00","og_image":[{"url":"https:\/\/frigopo.it\/wp-content\/uploads\/2023\/11\/pdf.png","type":"","width":"","height":""}],"twitter_card":"summary_large_image","twitter_misc":{"Dur\u00e9e de lecture estim\u00e9e":"2 minutes"},"schema":{"@context":"https:\/\/schema.org","@graph":[{"@type":"WebPage","@id":"https:\/\/frigopo.it\/fr\/joints-compatibles\/","url":"https:\/\/frigopo.it\/fr\/joints-compatibles\/","name":"Joints compatibles - Frigo Po","isPartOf":{"@id":"https:\/\/frigopo.it\/fr\/#website"},"primaryImageOfPage":{"@id":"https:\/\/frigopo.it\/fr\/joints-compatibles\/#primaryimage"},"image":{"@id":"https:\/\/frigopo.it\/fr\/joints-compatibles\/#primaryimage"},"thumbnailUrl":"https:\/\/frigopo.it\/wp-content\/uploads\/2023\/11\/pdf.png","datePublished":"2023-12-27T12:30:03+00:00","dateModified":"2024-11-19T12:47:26+00:00","breadcrumb":{"@id":"https:\/\/frigopo.it\/fr\/joints-compatibles\/#breadcrumb"},"inLanguage":"fr-FR","potentialAction":[{"@type":"ReadAction","target":["https:\/\/frigopo.it\/fr\/joints-compatibles\/"]}]},{"@type":"ImageObject","inLanguage":"fr-FR","@id":"https:\/\/frigopo.it\/fr\/joints-compatibles\/#primaryimage","url":"https:\/\/frigopo.it\/wp-content\/uploads\/2023\/11\/pdf.png","contentUrl":"https:\/\/frigopo.it\/wp-content\/uploads\/2023\/11\/pdf.png"},{"@type":"BreadcrumbList","@id":"https:\/\/frigopo.it\/fr\/joints-compatibles\/#breadcrumb","itemListElement":[{"@type":"ListItem","position":1,"name":"Home","item":"https:\/\/frigopo.it\/fr\/"},{"@type":"ListItem","position":2,"name":"Joints compatibles"}]},{"@type":"WebSite","@id":"https:\/\/frigopo.it\/fr\/#website","url":"https:\/\/frigopo.it\/fr\/","name":"FRIGO PO","description":"Ricambi e guarnizioni per refrigerazione professionale","publisher":{"@id":"https:\/\/frigopo.it\/fr\/#organization"},"alternateName":"FRIGO PO","potentialAction":[{"@type":"SearchAction","target":{"@type":"EntryPoint","urlTemplate":"https:\/\/frigopo.it\/fr\/?s={search_term_string}"},"query-input":{"@type":"PropertyValueSpecification","valueRequired":true,"valueName":"search_term_string"}}],"inLanguage":"fr-FR"},{"@type":"Organization","@id":"https:\/\/frigopo.it\/fr\/#organization","name":"Frigo Po Srl","url":"https:\/\/frigopo.it\/fr\/","logo":{"@type":"ImageObject","inLanguage":"fr-FR","@id":"https:\/\/frigopo.it\/fr\/#\/schema\/logo\/image\/","url":"https:\/\/frigopo.it\/wp-content\/uploads\/2023\/11\/logo-frigopo.webp","contentUrl":"https:\/\/frigopo.it\/wp-content\/uploads\/2023\/11\/logo-frigopo.webp","width":480,"height":91,"caption":"Frigo Po Srl"},"image":{"@id":"https:\/\/frigopo.it\/fr\/#\/schema\/logo\/image\/"}}]}},"_links":{"self":[{"href":"https:\/\/frigopo.it\/fr\/wp-json\/wp\/v2\/pages\/31904","targetHints":{"allow":["GET"]}}],"collection":[{"href":"https:\/\/frigopo.it\/fr\/wp-json\/wp\/v2\/pages"}],"about":[{"href":"https:\/\/frigopo.it\/fr\/wp-json\/wp\/v2\/types\/page"}],"author":[{"embeddable":true,"href":"https:\/\/frigopo.it\/fr\/wp-json\/wp\/v2\/users\/1"}],"replies":[{"embeddable":true,"href":"https:\/\/frigopo.it\/fr\/wp-json\/wp\/v2\/comments?post=31904"}],"version-history":[{"count":6,"href":"https:\/\/frigopo.it\/fr\/wp-json\/wp\/v2\/pages\/31904\/revisions"}],"predecessor-version":[{"id":31914,"href":"https:\/\/frigopo.it\/fr\/wp-json\/wp\/v2\/pages\/31904\/revisions\/31914"}],"wp:attachment":[{"href":"https:\/\/frigopo.it\/fr\/wp-json\/wp\/v2\/media?parent=31904"}],"curies":[{"name":"wp","href":"https:\/\/api.w.org\/{rel}","templated":true}]}}