{"id":31895,"date":"2023-12-27T13:26:06","date_gmt":"2023-12-27T12:26:06","guid":{"rendered":"https:\/\/frigopo.it\/profils-magnetiques-et-non-magnetiques-pour-la-refrigeration-frigo-po\/"},"modified":"2024-11-19T12:52:41","modified_gmt":"2024-11-19T11:52:41","slug":"profils-magnetiques-et-non-magnetiques-pour-la-refrigeration-frigo-po","status":"publish","type":"page","link":"https:\/\/frigopo.it\/fr\/profils-magnetiques-et-non-magnetiques-pour-la-refrigeration-frigo-po\/","title":{"rendered":"Profils magn\u00e9tiques et non magn\u00e9tiques pour la r\u00e9frig\u00e9ration &#8211; Frigo Po"},"content":{"rendered":"\t\t<div data-elementor-type=\"wp-page\" data-elementor-id=\"31895\" class=\"elementor elementor-31895 elementor-31449\" data-elementor-post-type=\"page\">\n\t\t\t\t\t\t<section class=\"elementor-section elementor-top-section elementor-element elementor-element-fa3a95a elementor-section-boxed elementor-section-height-default elementor-section-height-default\" data-id=\"fa3a95a\" data-element_type=\"section\">\n\t\t\t\t\t\t<div class=\"elementor-container elementor-column-gap-default\">\n\t\t\t\t\t<div class=\"elementor-column elementor-col-100 elementor-top-column elementor-element elementor-element-a608b56\" data-id=\"a608b56\" data-element_type=\"column\">\n\t\t\t<div class=\"elementor-widget-wrap elementor-element-populated\">\n\t\t\t\t\t\t<div class=\"elementor-element elementor-element-a422e61 elementor-widget elementor-widget-text-editor\" data-id=\"a422e61\" data-element_type=\"widget\" data-widget_type=\"text-editor.default\">\n\t\t\t\t<div class=\"elementor-widget-container\">\n\t\t\t\t\t\t\t\t\t<p style=\"text-align: center;\">D\u00e9couvrez notre gamme de profils pour joints, magn\u00e9tiques et non magn\u00e9tiques, con\u00e7us pour garantir une efficacit\u00e9 maximale dans les syst\u00e8mes de r\u00e9frig\u00e9ration professionnelle.<br \/>Choisissez parmi une vari\u00e9t\u00e9 de codes et de dimensions externes, compatibles avec des marques renomm\u00e9es telles que Zanussi, Mondial Elite, ILSA et bien d&rsquo;autres. Chaque profil est sp\u00e9cifiquement con\u00e7u pour r\u00e9pondre \u00e0 des besoins vari\u00e9s en r\u00e9frig\u00e9ration, y compris les cellules de refroidissement et les r\u00e9frig\u00e9rateurs professionnels. Trouvez facilement le profil adapt\u00e9 gr\u00e2ce \u00e0 des indications d\u00e9taill\u00e9es, et v\u00e9rifiez la disponibilit\u00e9 des dimensions sur demande pour une flexibilit\u00e9 accrue.   <\/p>\n\t\t\t\t\t\t\t\t<\/div>\n\t\t\t\t<\/div>\n\t\t\t\t\t<\/div>\n\t\t<\/div>\n\t\t\t\t\t<\/div>\n\t\t<\/section>\n\t\t\t\t<section class=\"elementor-section elementor-top-section elementor-element elementor-element-3230775 elementor-section-boxed elementor-section-height-default elementor-section-height-default\" data-id=\"3230775\" data-element_type=\"section\">\n\t\t\t\t\t\t<div class=\"elementor-container elementor-column-gap-wider\">\n\t\t\t\t\t<div class=\"elementor-column elementor-col-50 elementor-top-column elementor-element elementor-element-39599ea\" data-id=\"39599ea\" data-element_type=\"column\">\n\t\t\t<div class=\"elementor-widget-wrap elementor-element-populated\">\n\t\t\t\t\t\t<div class=\"elementor-element elementor-element-26b4365 elementor-widget elementor-widget-image\" data-id=\"26b4365\" data-element_type=\"widget\" data-widget_type=\"image.default\">\n\t\t\t\t<div class=\"elementor-widget-container\">\n\t\t\t\t\t\t\t\t\t\t\t\t\t\t\t<img fetchpriority=\"high\" decoding=\"async\" width=\"768\" height=\"706\" src=\"https:\/\/frigopo.it\/wp-content\/uploads\/2021\/10\/profili-magnetici-768x706.webp\" class=\"attachment-medium_large size-medium_large wp-image-31871\" alt=\"\" srcset=\"https:\/\/frigopo.it\/wp-content\/uploads\/2021\/10\/profili-magnetici-768x706.webp 768w, https:\/\/frigopo.it\/wp-content\/uploads\/2021\/10\/profili-magnetici-300x276.webp 300w, https:\/\/frigopo.it\/wp-content\/uploads\/2021\/10\/profili-magnetici-1024x941.webp 1024w, https:\/\/frigopo.it\/wp-content\/uploads\/2021\/10\/profili-magnetici-100x92.webp 100w, https:\/\/frigopo.it\/wp-content\/uploads\/2021\/10\/profili-magnetici-800x735.webp 800w, https:\/\/frigopo.it\/wp-content\/uploads\/2021\/10\/profili-magnetici-350x322.webp 350w, https:\/\/frigopo.it\/wp-content\/uploads\/2021\/10\/profili-magnetici-480x441.webp 480w, https:\/\/frigopo.it\/wp-content\/uploads\/2021\/10\/profili-magnetici-600x552.webp 600w, https:\/\/frigopo.it\/wp-content\/uploads\/2021\/10\/profili-magnetici.webp 1300w\" sizes=\"(max-width: 768px) 100vw, 768px\" \/>\t\t\t\t\t\t\t\t\t\t\t\t\t\t\t<\/div>\n\t\t\t\t<\/div>\n\t\t\t\t<div class=\"elementor-element elementor-element-6d5d9ee lte-heading-align-tablet-center elementor-widget__width-initial lte-heading-align-center elementor-widget elementor-widget-lte-header\" data-id=\"6d5d9ee\" data-element_type=\"widget\" data-widget_type=\"lte-header.default\">\n\t\t\t\t<div class=\"elementor-widget-container\">\n\t\t\t\t\t<div class=\"lte-heading lte-style-header-subheader-dash lte-subcolor-main heading-tag-h3 heading-subtag-h6\"><div class=\"lte-heading-content\"><h3 class=\"lte-header\">Profils <span>magn\u00e9tiques<\/span><\/h3><\/div><\/div>\t\t\t\t<\/div>\n\t\t\t\t<\/div>\n\t\t\t\t<div class=\"elementor-element elementor-element-dbfec92 elementor-widget__width-initial elementor-widget-mobile__width-inherit elementor-widget elementor-widget-lte-button\" data-id=\"dbfec92\" data-element_type=\"widget\" data-widget_type=\"lte-button.default\">\n\t\t\t\t<div class=\"elementor-widget-container\">\n\t\t\t\t\t<div class=\"lte-btn-wrap\">\r\n\t<a href=\"https:\/\/frigopo.it\/fr\/profils-magnetiques\/\"  class=\"lte-btn btn-lg color-hover-default\"><span class=\"lte-btn-inner\"><span class=\"lte-btn-before\"><\/span>AFFICHER<span class=\"lte-btn-after\"><\/span><\/span><\/a><\/div>\t\t\t\t<\/div>\n\t\t\t\t<\/div>\n\t\t\t\t\t<\/div>\n\t\t<\/div>\n\t\t\t\t<div class=\"elementor-column elementor-col-50 elementor-top-column elementor-element elementor-element-fa7b809\" data-id=\"fa7b809\" data-element_type=\"column\">\n\t\t\t<div class=\"elementor-widget-wrap elementor-element-populated\">\n\t\t\t\t\t\t<div class=\"elementor-element elementor-element-c3feb9d elementor-widget elementor-widget-image\" data-id=\"c3feb9d\" data-element_type=\"widget\" data-widget_type=\"image.default\">\n\t\t\t\t<div class=\"elementor-widget-container\">\n\t\t\t\t\t\t\t\t\t\t\t\t\t\t\t<img decoding=\"async\" width=\"1024\" height=\"941\" src=\"https:\/\/frigopo.it\/wp-content\/uploads\/2021\/10\/profili-non-magnetici-copia-1024x941.webp\" class=\"attachment-large size-large wp-image-31874\" alt=\"\" srcset=\"https:\/\/frigopo.it\/wp-content\/uploads\/2021\/10\/profili-non-magnetici-copia-1024x941.webp 1024w, https:\/\/frigopo.it\/wp-content\/uploads\/2021\/10\/profili-non-magnetici-copia-300x276.webp 300w, https:\/\/frigopo.it\/wp-content\/uploads\/2021\/10\/profili-non-magnetici-copia-768x706.webp 768w, https:\/\/frigopo.it\/wp-content\/uploads\/2021\/10\/profili-non-magnetici-copia-100x92.webp 100w, https:\/\/frigopo.it\/wp-content\/uploads\/2021\/10\/profili-non-magnetici-copia-800x735.webp 800w, https:\/\/frigopo.it\/wp-content\/uploads\/2021\/10\/profili-non-magnetici-copia-350x322.webp 350w, https:\/\/frigopo.it\/wp-content\/uploads\/2021\/10\/profili-non-magnetici-copia-480x441.webp 480w, https:\/\/frigopo.it\/wp-content\/uploads\/2021\/10\/profili-non-magnetici-copia-600x552.webp 600w, https:\/\/frigopo.it\/wp-content\/uploads\/2021\/10\/profili-non-magnetici-copia.webp 1300w\" sizes=\"(max-width: 1024px) 100vw, 1024px\" \/>\t\t\t\t\t\t\t\t\t\t\t\t\t\t\t<\/div>\n\t\t\t\t<\/div>\n\t\t\t\t<div class=\"elementor-element elementor-element-760ab7a lte-heading-align-tablet-center elementor-widget__width-initial lte-heading-align-center elementor-widget elementor-widget-lte-header\" data-id=\"760ab7a\" data-element_type=\"widget\" data-widget_type=\"lte-header.default\">\n\t\t\t\t<div class=\"elementor-widget-container\">\n\t\t\t\t\t<div class=\"lte-heading lte-style-header-subheader-dash lte-subcolor-main heading-tag-h3 heading-subtag-h6\"><div class=\"lte-heading-content\"><h3 class=\"lte-header\">Profils  <span>non magn\u00e9tiques<\/span><\/h3><\/div><\/div>\t\t\t\t<\/div>\n\t\t\t\t<\/div>\n\t\t\t\t<div class=\"elementor-element elementor-element-3ce9831 elementor-widget__width-initial elementor-widget-mobile__width-inherit elementor-widget elementor-widget-lte-button\" data-id=\"3ce9831\" data-element_type=\"widget\" data-widget_type=\"lte-button.default\">\n\t\t\t\t<div class=\"elementor-widget-container\">\n\t\t\t\t\t<div class=\"lte-btn-wrap\">\r\n\t<a href=\"https:\/\/frigopo.it\/fr\/profils-non-magnetiques\/\"  class=\"lte-btn btn-lg color-hover-default\"><span class=\"lte-btn-inner\"><span class=\"lte-btn-before\"><\/span>AFFICHER<span class=\"lte-btn-after\"><\/span><\/span><\/a><\/div>\t\t\t\t<\/div>\n\t\t\t\t<\/div>\n\t\t\t\t\t<\/div>\n\t\t<\/div>\n\t\t\t\t\t<\/div>\n\t\t<\/section>\n\t\t\t\t<\/div>\n\t\t","protected":false},"excerpt":{"rendered":"<p>D\u00e9couvrez notre gamme de profils pour joints, magn\u00e9tiques et non magn\u00e9tiques, con\u00e7us pour garantir une efficacit\u00e9 maximale dans les syst\u00e8mes de r\u00e9frig\u00e9ration professionnelle.Choisissez parmi une vari\u00e9t\u00e9 de codes et de dimensions externes, compatibles avec des marques renomm\u00e9es telles que Zanussi, Mondial Elite, ILSA et bien d&rsquo;autres. Chaque profil est sp\u00e9cifiquement con\u00e7u pour r\u00e9pondre \u00e0 des [&hellip;]<\/p>\n","protected":false},"author":1,"featured_media":0,"parent":0,"menu_order":0,"comment_status":"closed","ping_status":"closed","template":"","meta":{"footnotes":""},"class_list":["post-31895","page","type-page","status-publish","hentry"],"yoast_head":"<!-- This site is optimized with the Yoast SEO plugin v27.3 - https:\/\/yoast.com\/product\/yoast-seo-wordpress\/ -->\n<title>Profils magn\u00e9tiques et non magn\u00e9tiques pour la r\u00e9frig\u00e9ration - Frigo Po<\/title>\n<meta name=\"description\" content=\"D\u00e9couvrez la s\u00e9lection de profils pour joints, compatibles avec des marques telles que Zanussi et Mondial Elite. Diff\u00e9rentes tailles disponibles.\" \/>\n<meta name=\"robots\" content=\"index, follow, max-snippet:-1, max-image-preview:large, max-video-preview:-1\" \/>\n<link rel=\"canonical\" href=\"https:\/\/frigopo.it\/fr\/profils-magnetiques-et-non-magnetiques-pour-la-refrigeration-frigo-po\/\" \/>\n<meta property=\"og:locale\" content=\"fr_FR\" \/>\n<meta property=\"og:type\" content=\"article\" \/>\n<meta property=\"og:title\" content=\"Profils magn\u00e9tiques et non magn\u00e9tiques pour la r\u00e9frig\u00e9ration - Frigo Po\" \/>\n<meta property=\"og:description\" content=\"D\u00e9couvrez la s\u00e9lection de profils pour joints, compatibles avec des marques telles que Zanussi et Mondial Elite. Diff\u00e9rentes tailles disponibles.\" \/>\n<meta property=\"og:url\" content=\"https:\/\/frigopo.it\/fr\/profils-magnetiques-et-non-magnetiques-pour-la-refrigeration-frigo-po\/\" \/>\n<meta property=\"og:site_name\" content=\"Frigo Po\" \/>\n<meta property=\"article:modified_time\" content=\"2024-11-19T11:52:41+00:00\" \/>\n<meta property=\"og:image\" content=\"https:\/\/frigopo.it\/wp-content\/uploads\/2021\/10\/profili-magnetici.webp\" \/>\n\t<meta property=\"og:image:width\" content=\"1300\" \/>\n\t<meta property=\"og:image:height\" content=\"1195\" \/>\n\t<meta property=\"og:image:type\" content=\"image\/webp\" \/>\n<meta name=\"twitter:card\" content=\"summary_large_image\" \/>\n<meta name=\"twitter:label1\" content=\"Dur\u00e9e de lecture estim\u00e9e\" \/>\n\t<meta name=\"twitter:data1\" content=\"1 minute\" \/>\n<script type=\"application\/ld+json\" class=\"yoast-schema-graph\">{\"@context\":\"https:\\\/\\\/schema.org\",\"@graph\":[{\"@type\":\"WebPage\",\"@id\":\"https:\\\/\\\/frigopo.it\\\/fr\\\/profils-magnetiques-et-non-magnetiques-pour-la-refrigeration-frigo-po\\\/\",\"url\":\"https:\\\/\\\/frigopo.it\\\/fr\\\/profils-magnetiques-et-non-magnetiques-pour-la-refrigeration-frigo-po\\\/\",\"name\":\"Profils magn\u00e9tiques et non magn\u00e9tiques pour la r\u00e9frig\u00e9ration - Frigo Po\",\"isPartOf\":{\"@id\":\"https:\\\/\\\/frigopo.it\\\/fr\\\/#website\"},\"primaryImageOfPage\":{\"@id\":\"https:\\\/\\\/frigopo.it\\\/fr\\\/profils-magnetiques-et-non-magnetiques-pour-la-refrigeration-frigo-po\\\/#primaryimage\"},\"image\":{\"@id\":\"https:\\\/\\\/frigopo.it\\\/fr\\\/profils-magnetiques-et-non-magnetiques-pour-la-refrigeration-frigo-po\\\/#primaryimage\"},\"thumbnailUrl\":\"https:\\\/\\\/frigopo.it\\\/wp-content\\\/uploads\\\/2021\\\/10\\\/profili-magnetici-768x706.webp\",\"datePublished\":\"2023-12-27T12:26:06+00:00\",\"dateModified\":\"2024-11-19T11:52:41+00:00\",\"description\":\"D\u00e9couvrez la s\u00e9lection de profils pour joints, compatibles avec des marques telles que Zanussi et Mondial Elite. Diff\u00e9rentes tailles disponibles.\",\"breadcrumb\":{\"@id\":\"https:\\\/\\\/frigopo.it\\\/fr\\\/profils-magnetiques-et-non-magnetiques-pour-la-refrigeration-frigo-po\\\/#breadcrumb\"},\"inLanguage\":\"fr-FR\",\"potentialAction\":[{\"@type\":\"ReadAction\",\"target\":[\"https:\\\/\\\/frigopo.it\\\/fr\\\/profils-magnetiques-et-non-magnetiques-pour-la-refrigeration-frigo-po\\\/\"]}]},{\"@type\":\"ImageObject\",\"inLanguage\":\"fr-FR\",\"@id\":\"https:\\\/\\\/frigopo.it\\\/fr\\\/profils-magnetiques-et-non-magnetiques-pour-la-refrigeration-frigo-po\\\/#primaryimage\",\"url\":\"https:\\\/\\\/frigopo.it\\\/wp-content\\\/uploads\\\/2021\\\/10\\\/profili-magnetici-768x706.webp\",\"contentUrl\":\"https:\\\/\\\/frigopo.it\\\/wp-content\\\/uploads\\\/2021\\\/10\\\/profili-magnetici-768x706.webp\"},{\"@type\":\"BreadcrumbList\",\"@id\":\"https:\\\/\\\/frigopo.it\\\/fr\\\/profils-magnetiques-et-non-magnetiques-pour-la-refrigeration-frigo-po\\\/#breadcrumb\",\"itemListElement\":[{\"@type\":\"ListItem\",\"position\":1,\"name\":\"Home\",\"item\":\"https:\\\/\\\/frigopo.it\\\/fr\\\/\"},{\"@type\":\"ListItem\",\"position\":2,\"name\":\"Profils magn\u00e9tiques et non magn\u00e9tiques pour la r\u00e9frig\u00e9ration &#8211; Frigo Po\"}]},{\"@type\":\"WebSite\",\"@id\":\"https:\\\/\\\/frigopo.it\\\/fr\\\/#website\",\"url\":\"https:\\\/\\\/frigopo.it\\\/fr\\\/\",\"name\":\"FRIGO PO\",\"description\":\"Ricambi e guarnizioni per refrigerazione professionale\",\"publisher\":{\"@id\":\"https:\\\/\\\/frigopo.it\\\/fr\\\/#organization\"},\"alternateName\":\"FRIGO PO\",\"potentialAction\":[{\"@type\":\"SearchAction\",\"target\":{\"@type\":\"EntryPoint\",\"urlTemplate\":\"https:\\\/\\\/frigopo.it\\\/fr\\\/?s={search_term_string}\"},\"query-input\":{\"@type\":\"PropertyValueSpecification\",\"valueRequired\":true,\"valueName\":\"search_term_string\"}}],\"inLanguage\":\"fr-FR\"},{\"@type\":\"Organization\",\"@id\":\"https:\\\/\\\/frigopo.it\\\/fr\\\/#organization\",\"name\":\"Frigo Po Srl\",\"url\":\"https:\\\/\\\/frigopo.it\\\/fr\\\/\",\"logo\":{\"@type\":\"ImageObject\",\"inLanguage\":\"fr-FR\",\"@id\":\"https:\\\/\\\/frigopo.it\\\/fr\\\/#\\\/schema\\\/logo\\\/image\\\/\",\"url\":\"https:\\\/\\\/frigopo.it\\\/wp-content\\\/uploads\\\/2023\\\/11\\\/logo-frigopo.webp\",\"contentUrl\":\"https:\\\/\\\/frigopo.it\\\/wp-content\\\/uploads\\\/2023\\\/11\\\/logo-frigopo.webp\",\"width\":480,\"height\":91,\"caption\":\"Frigo Po Srl\"},\"image\":{\"@id\":\"https:\\\/\\\/frigopo.it\\\/fr\\\/#\\\/schema\\\/logo\\\/image\\\/\"}}]}<\/script>\n<!-- \/ Yoast SEO plugin. -->","yoast_head_json":{"title":"Profils magn\u00e9tiques et non magn\u00e9tiques pour la r\u00e9frig\u00e9ration - Frigo Po","description":"D\u00e9couvrez la s\u00e9lection de profils pour joints, compatibles avec des marques telles que Zanussi et Mondial Elite. Diff\u00e9rentes tailles disponibles.","robots":{"index":"index","follow":"follow","max-snippet":"max-snippet:-1","max-image-preview":"max-image-preview:large","max-video-preview":"max-video-preview:-1"},"canonical":"https:\/\/frigopo.it\/fr\/profils-magnetiques-et-non-magnetiques-pour-la-refrigeration-frigo-po\/","og_locale":"fr_FR","og_type":"article","og_title":"Profils magn\u00e9tiques et non magn\u00e9tiques pour la r\u00e9frig\u00e9ration - Frigo Po","og_description":"D\u00e9couvrez la s\u00e9lection de profils pour joints, compatibles avec des marques telles que Zanussi et Mondial Elite. Diff\u00e9rentes tailles disponibles.","og_url":"https:\/\/frigopo.it\/fr\/profils-magnetiques-et-non-magnetiques-pour-la-refrigeration-frigo-po\/","og_site_name":"Frigo Po","article_modified_time":"2024-11-19T11:52:41+00:00","og_image":[{"width":1300,"height":1195,"url":"https:\/\/frigopo.it\/wp-content\/uploads\/2021\/10\/profili-magnetici.webp","type":"image\/webp"}],"twitter_card":"summary_large_image","twitter_misc":{"Dur\u00e9e de lecture estim\u00e9e":"1 minute"},"schema":{"@context":"https:\/\/schema.org","@graph":[{"@type":"WebPage","@id":"https:\/\/frigopo.it\/fr\/profils-magnetiques-et-non-magnetiques-pour-la-refrigeration-frigo-po\/","url":"https:\/\/frigopo.it\/fr\/profils-magnetiques-et-non-magnetiques-pour-la-refrigeration-frigo-po\/","name":"Profils magn\u00e9tiques et non magn\u00e9tiques pour la r\u00e9frig\u00e9ration - Frigo Po","isPartOf":{"@id":"https:\/\/frigopo.it\/fr\/#website"},"primaryImageOfPage":{"@id":"https:\/\/frigopo.it\/fr\/profils-magnetiques-et-non-magnetiques-pour-la-refrigeration-frigo-po\/#primaryimage"},"image":{"@id":"https:\/\/frigopo.it\/fr\/profils-magnetiques-et-non-magnetiques-pour-la-refrigeration-frigo-po\/#primaryimage"},"thumbnailUrl":"https:\/\/frigopo.it\/wp-content\/uploads\/2021\/10\/profili-magnetici-768x706.webp","datePublished":"2023-12-27T12:26:06+00:00","dateModified":"2024-11-19T11:52:41+00:00","description":"D\u00e9couvrez la s\u00e9lection de profils pour joints, compatibles avec des marques telles que Zanussi et Mondial Elite. Diff\u00e9rentes tailles disponibles.","breadcrumb":{"@id":"https:\/\/frigopo.it\/fr\/profils-magnetiques-et-non-magnetiques-pour-la-refrigeration-frigo-po\/#breadcrumb"},"inLanguage":"fr-FR","potentialAction":[{"@type":"ReadAction","target":["https:\/\/frigopo.it\/fr\/profils-magnetiques-et-non-magnetiques-pour-la-refrigeration-frigo-po\/"]}]},{"@type":"ImageObject","inLanguage":"fr-FR","@id":"https:\/\/frigopo.it\/fr\/profils-magnetiques-et-non-magnetiques-pour-la-refrigeration-frigo-po\/#primaryimage","url":"https:\/\/frigopo.it\/wp-content\/uploads\/2021\/10\/profili-magnetici-768x706.webp","contentUrl":"https:\/\/frigopo.it\/wp-content\/uploads\/2021\/10\/profili-magnetici-768x706.webp"},{"@type":"BreadcrumbList","@id":"https:\/\/frigopo.it\/fr\/profils-magnetiques-et-non-magnetiques-pour-la-refrigeration-frigo-po\/#breadcrumb","itemListElement":[{"@type":"ListItem","position":1,"name":"Home","item":"https:\/\/frigopo.it\/fr\/"},{"@type":"ListItem","position":2,"name":"Profils magn\u00e9tiques et non magn\u00e9tiques pour la r\u00e9frig\u00e9ration &#8211; Frigo Po"}]},{"@type":"WebSite","@id":"https:\/\/frigopo.it\/fr\/#website","url":"https:\/\/frigopo.it\/fr\/","name":"FRIGO PO","description":"Ricambi e guarnizioni per refrigerazione professionale","publisher":{"@id":"https:\/\/frigopo.it\/fr\/#organization"},"alternateName":"FRIGO PO","potentialAction":[{"@type":"SearchAction","target":{"@type":"EntryPoint","urlTemplate":"https:\/\/frigopo.it\/fr\/?s={search_term_string}"},"query-input":{"@type":"PropertyValueSpecification","valueRequired":true,"valueName":"search_term_string"}}],"inLanguage":"fr-FR"},{"@type":"Organization","@id":"https:\/\/frigopo.it\/fr\/#organization","name":"Frigo Po Srl","url":"https:\/\/frigopo.it\/fr\/","logo":{"@type":"ImageObject","inLanguage":"fr-FR","@id":"https:\/\/frigopo.it\/fr\/#\/schema\/logo\/image\/","url":"https:\/\/frigopo.it\/wp-content\/uploads\/2023\/11\/logo-frigopo.webp","contentUrl":"https:\/\/frigopo.it\/wp-content\/uploads\/2023\/11\/logo-frigopo.webp","width":480,"height":91,"caption":"Frigo Po Srl"},"image":{"@id":"https:\/\/frigopo.it\/fr\/#\/schema\/logo\/image\/"}}]}},"_links":{"self":[{"href":"https:\/\/frigopo.it\/fr\/wp-json\/wp\/v2\/pages\/31895","targetHints":{"allow":["GET"]}}],"collection":[{"href":"https:\/\/frigopo.it\/fr\/wp-json\/wp\/v2\/pages"}],"about":[{"href":"https:\/\/frigopo.it\/fr\/wp-json\/wp\/v2\/types\/page"}],"author":[{"embeddable":true,"href":"https:\/\/frigopo.it\/fr\/wp-json\/wp\/v2\/users\/1"}],"replies":[{"embeddable":true,"href":"https:\/\/frigopo.it\/fr\/wp-json\/wp\/v2\/comments?post=31895"}],"version-history":[{"count":4,"href":"https:\/\/frigopo.it\/fr\/wp-json\/wp\/v2\/pages\/31895\/revisions"}],"predecessor-version":[{"id":31903,"href":"https:\/\/frigopo.it\/fr\/wp-json\/wp\/v2\/pages\/31895\/revisions\/31903"}],"wp:attachment":[{"href":"https:\/\/frigopo.it\/fr\/wp-json\/wp\/v2\/media?parent=31895"}],"curies":[{"name":"wp","href":"https:\/\/api.w.org\/{rel}","templated":true}]}}