{"id":32440,"date":"2023-11-30T12:21:41","date_gmt":"2023-11-30T11:21:41","guid":{"rendered":"https:\/\/frigopo.it\/condiciones-de-venta\/"},"modified":"2024-11-25T17:15:56","modified_gmt":"2024-11-25T16:15:56","slug":"condiciones-de-venta","status":"publish","type":"page","link":"https:\/\/frigopo.it\/es\/condiciones-de-venta\/","title":{"rendered":"Condiciones de venta"},"content":{"rendered":"\t\t<div data-elementor-type=\"wp-page\" data-elementor-id=\"32440\" class=\"elementor elementor-32440 elementor-29697\" data-elementor-post-type=\"page\">\n\t\t\t\t\t\t<section class=\"elementor-section elementor-top-section elementor-element elementor-element-32ddb18 desc-condizioni elementor-section-boxed elementor-section-height-default elementor-section-height-default\" data-id=\"32ddb18\" data-element_type=\"section\">\n\t\t\t\t\t\t<div class=\"elementor-container elementor-column-gap-default\">\n\t\t\t\t\t<div class=\"elementor-column elementor-col-100 elementor-top-column elementor-element elementor-element-8fa044e\" data-id=\"8fa044e\" data-element_type=\"column\">\n\t\t\t<div class=\"elementor-widget-wrap elementor-element-populated\">\n\t\t\t\t\t\t<div class=\"elementor-element elementor-element-da4e0c1 elementor-widget__width-initial elementor-widget elementor-widget-lte-price\" data-id=\"da4e0c1\" data-element_type=\"widget\" data-widget_type=\"lte-price.default\">\n\t\t\t\t<div class=\"elementor-widget-container\">\n\t\t\t\t\t<div class=\"lte-price-sc-wrapper lte-price-sc lte-filter-container lte-layout-two-cols lte-scroll-\"><div class=\"lte-items\">\t\t\t\t<div class=\"lte-item\">\r\n\t\t\t\t    <div class=\"lte-description\">\r\n\t\t\t\t    \t<div class=\"lte-title\">\r\n\t\t\t        \t\t<h6 class=\"lte-header\">Los precios<\/h6>\r\n\t\t\t        \t\t<span class=\"lte-dots\"><\/span>\r\n\t\t\t        \t\t<h6 class=\"lte-header lte-price\"><\/h6>\r\n\t\t\t        \t<\/div>\r\n\t\t\t        \t<div class=\"lte-descr\">\r\n\t\t\t        \t\tLos precios indicados en las ofertas y listas de precios no son vinculantes y pueden estar sujetos a cambios sin previo aviso. Los precios no incluyen embalaje, transporte, IVA ni otros gastos adicionales.\t\t\t        \t<\/div>\r\n\t\t\t\t    <\/div>\r\n\t\t\t\t<\/div>\r\n\t\t\t\t\t\t\t\t<div class=\"lte-item\">\r\n\t\t\t\t    <div class=\"lte-description\">\r\n\t\t\t\t    \t<div class=\"lte-title\">\r\n\t\t\t        \t\t<h6 class=\"lte-header\">Pedidos m\u00ednimos<\/h6>\r\n\t\t\t        \t\t<span class=\"lte-dots\"><\/span>\r\n\t\t\t        \t\t<h6 class=\"lte-header lte-price\"><\/h6>\r\n\t\t\t        \t<\/div>\r\n\t\t\t        \t<div class=\"lte-descr\">\r\n\t\t\t        \t\tLos costes de gesti\u00f3n nos obligan a aplicar los siguientes gastos: pedidos de importe inferior a 100,00 \u20ac, 14,00 \u20ac de gastos. Pedidos de importe inferior a 50,00 \u20ac, 19,00 \u20ac de gastos. Quedan excluidos de los gastos los suministros de existencias.\t\t\t        \t<\/div>\r\n\t\t\t\t    <\/div>\r\n\t\t\t\t<\/div>\r\n\t\t\t\t\t\t\t\t<div class=\"lte-item\">\r\n\t\t\t\t    <div class=\"lte-description\">\r\n\t\t\t\t    \t<div class=\"lte-title\">\r\n\t\t\t        \t\t<h6 class=\"lte-header\">Pagos<\/h6>\r\n\t\t\t        \t\t<span class=\"lte-dots\"><\/span>\r\n\t\t\t        \t\t<h6 class=\"lte-header lte-price highlight\"><\/h6>\r\n\t\t\t        \t<\/div>\r\n\t\t\t        \t<div class=\"lte-descr\">\r\n\t\t\t        \t\tSuministros en efectivo hasta la definici\u00f3n de relaciones comerciales regulares. Hasta 250 euros se env\u00eda exclusivamente contra reembolso. Por retrasos en los pagos acordados se aplicar\u00e1 el inter\u00e9s bancario vigente m\u00e1s los gastos incurridos por impagos.\t\t\t        \t<\/div>\r\n\t\t\t\t    <\/div>\r\n\t\t\t\t<\/div>\r\n\t\t\t\t\t\t\t\t<div class=\"lte-item\">\r\n\t\t\t\t    <div class=\"lte-description\">\r\n\t\t\t\t    \t<div class=\"lte-title\">\r\n\t\t\t        \t\t<h6 class=\"lte-header\">Entregas<\/h6>\r\n\t\t\t        \t\t<span class=\"lte-dots\"><\/span>\r\n\t\t\t        \t\t<h6 class=\"lte-header lte-price highlight\"><\/h6>\r\n\t\t\t        \t<\/div>\r\n\t\t\t        \t<div class=\"lte-descr\">\r\n\t\t\t        \t\tLos plazos de entrega deben acordarse con nuestra empresa y, en cualquier caso, deben considerarse indicativos y no vinculantes para nosotros. Los posibles retrasos en la entrega no dar\u00e1n derecho a ninguna reclamaci\u00f3n por penalizaci\u00f3n o indemnizaci\u00f3n por da\u00f1os.\t\t\t        \t<\/div>\r\n\t\t\t\t    <\/div>\r\n\t\t\t\t<\/div>\r\n\t\t\t\t\t\t\t\t<div class=\"lte-item\">\r\n\t\t\t\t    <div class=\"lte-description\">\r\n\t\t\t\t    \t<div class=\"lte-title\">\r\n\t\t\t        \t\t<h6 class=\"lte-header\">Embalaje<\/h6>\r\n\t\t\t        \t\t<span class=\"lte-dots\"><\/span>\r\n\t\t\t        \t\t<h6 class=\"lte-header lte-price highlight\"><\/h6>\r\n\t\t\t        \t<\/div>\r\n\t\t\t        \t<div class=\"lte-descr\">\r\n\t\t\t        \t\tCaja est\u00e1ndar, otra modalidad con coste adicional.\t\t\t        \t<\/div>\r\n\t\t\t\t    <\/div>\r\n\t\t\t\t<\/div>\r\n\t\t\t\t\t\t\t\t<div class=\"lte-item\">\r\n\t\t\t\t    <div class=\"lte-description\">\r\n\t\t\t\t    \t<div class=\"lte-title\">\r\n\t\t\t        \t\t<h6 class=\"lte-header\">Transporte<\/h6>\r\n\t\t\t        \t\t<span class=\"lte-dots\"><\/span>\r\n\t\t\t        \t\t<h6 class=\"lte-header lte-price\"><\/h6>\r\n\t\t\t        \t<\/div>\r\n\t\t\t        \t<div class=\"lte-descr\">\r\n\t\t\t        \t\tLa mercanc\u00eda se considera vendida franco almac\u00e9n de Frigo Po y la obligaci\u00f3n de suministro se considera cumplida con la recepci\u00f3n de la mercanc\u00eda por parte de los transportistas. La mercanc\u00eda viaja siempre por cuenta y riesgo del cliente, tambi\u00e9n en caso de que se venda con portes pagados.\t\t\t        \t<\/div>\r\n\t\t\t\t    <\/div>\r\n\t\t\t\t<\/div>\r\n\t\t\t\t\t\t\t\t<div class=\"lte-item\">\r\n\t\t\t\t    <div class=\"lte-description\">\r\n\t\t\t\t    \t<div class=\"lte-title\">\r\n\t\t\t        \t\t<h6 class=\"lte-header\">Art\u00edculos descatalogados<\/h6>\r\n\t\t\t        \t\t<span class=\"lte-dots\"><\/span>\r\n\t\t\t        \t\t<h6 class=\"lte-header lte-price\"><\/h6>\r\n\t\t\t        \t<\/div>\r\n\t\t\t        \t<div class=\"lte-descr\">\r\n\t\t\t        \t\tLa mayor\u00eda de art\u00edculos fuera de cat\u00e1logo, correspondientes a las empresas con las que trabajamos, se pueden suministrar bajo pedido. No se aceptar\u00e1n devoluciones de art\u00edculos fuera de cat\u00e1logo.\t\t\t        \t<\/div>\r\n\t\t\t\t    <\/div>\r\n\t\t\t\t<\/div>\r\n\t\t\t\t\t\t\t\t<div class=\"lte-item\">\r\n\t\t\t\t    <div class=\"lte-description\">\r\n\t\t\t\t    \t<div class=\"lte-title\">\r\n\t\t\t        \t\t<h6 class=\"lte-header\">Responsabilidad<\/h6>\r\n\t\t\t        \t\t<span class=\"lte-dots\"><\/span>\r\n\t\t\t        \t\t<h6 class=\"lte-header lte-price\"><\/h6>\r\n\t\t\t        \t<\/div>\r\n\t\t\t        \t<div class=\"lte-descr\">\r\n\t\t\t        \t\tFrigo Po no asume ninguna responsabilidad por las caracter\u00edsticas que figuran en sus listas de precios o cat\u00e1logos que puedan sufrir variaciones sin previo aviso debido a cambios realizados por los fabricantes. Transcurridos ocho d\u00edas desde la llegada de la mercanc\u00eda, no se aceptar\u00e1n reclamaciones ni solicitudes de sustituci\u00f3n.\t\t\t        \t<\/div>\r\n\t\t\t\t    <\/div>\r\n\t\t\t\t<\/div>\r\n\t\t\t\t\t\t\t\t<div class=\"lte-item\">\r\n\t\t\t\t    <div class=\"lte-description\">\r\n\t\t\t\t    \t<div class=\"lte-title\">\r\n\t\t\t        \t\t<h6 class=\"lte-header\">Garan\u00eda<\/h6>\r\n\t\t\t        \t\t<span class=\"lte-dots\"><\/span>\r\n\t\t\t        \t\t<h6 class=\"lte-header lte-price\"><\/h6>\r\n\t\t\t        \t<\/div>\r\n\t\t\t        \t<div class=\"lte-descr\">\r\n\t\t\t        \t\tSe aplicar\u00e1n las garant\u00edas ofrecidas por los fabricantes con los que trabajamos. La garant\u00eda se considera prestada en nuestros almacenes y se refiere \u00fanicamente a la obligaci\u00f3n de sustituir las piezas que debido a la calidad de los materiales o a defectos de fabricaci\u00f3n resulten defectuosas. La garant\u00eda excluye cualquier responsabilidad por da\u00f1os directos o indirectos y es v\u00e1lida \u00fanicamente si el aparato se ha sometido a un uso normal, de acuerdo con las instrucciones de uso proporcionadas por su fabricante. La garant\u00eda no ser\u00e1 v\u00e1lida en caso de intervenciones o manipulaciones realizadas por personal ajeno a nuestra empresa. El transporte para la aplicaci\u00f3n de la garant\u00eda correr\u00e1 a cargo del comprador.\t\t\t        \t<\/div>\r\n\t\t\t\t    <\/div>\r\n\t\t\t\t<\/div>\r\n\t\t\t\t\t\t\t\t<div class=\"lte-item\">\r\n\t\t\t\t    <div class=\"lte-description\">\r\n\t\t\t\t    \t<div class=\"lte-title\">\r\n\t\t\t        \t\t<h6 class=\"lte-header\">Procedimento de devoluci\u00f3n<\/h6>\r\n\t\t\t        \t\t<span class=\"lte-dots\"><\/span>\r\n\t\t\t        \t\t<h6 class=\"lte-header lte-price\"><\/h6>\r\n\t\t\t        \t<\/div>\r\n\t\t\t        \t<div class=\"lte-descr\">\r\n\t\t\t        \t\tLa mercanc\u00eda no podr\u00e1 cambiarse en caso de error del cliente. - Las devoluciones por error evidente por parte de Frigo Po se retirar\u00e1n a portes debidos y se abonar\u00e1 la totalidad de su coste.\t\t\t        \t<\/div>\r\n\t\t\t\t    <\/div>\r\n\t\t\t\t<\/div>\r\n\t\t\t\t\t\t\t\t<div class=\"lte-item\">\r\n\t\t\t\t    <div class=\"lte-description\">\r\n\t\t\t\t    \t<div class=\"lte-title\">\r\n\t\t\t        \t\t<h6 class=\"lte-header\">Jurisdicci\u00f3n<\/h6>\r\n\t\t\t        \t\t<span class=\"lte-dots\"><\/span>\r\n\t\t\t        \t\t<h6 class=\"lte-header lte-price\"><\/h6>\r\n\t\t\t        \t<\/div>\r\n\t\t\t        \t<div class=\"lte-descr\">\r\n\t\t\t        \t\tPara cualquier litigio que pueda surgir, el tribunal competente ser\u00e1 el de Reggio Emilia.\t\t\t        \t<\/div>\r\n\t\t\t\t    <\/div>\r\n\t\t\t\t<\/div>\r\n\t\t\t\t<\/div><\/div>\t\t\t\t<\/div>\n\t\t\t\t<\/div>\n\t\t\t\t\t<\/div>\n\t\t<\/div>\n\t\t\t\t\t<\/div>\n\t\t<\/section>\n\t\t\t\t<\/div>\n\t\t","protected":false},"excerpt":{"rendered":"<p>Los precios Los precios indicados en las ofertas y listas de precios no son vinculantes y pueden estar sujetos a cambios sin previo aviso. Los precios no incluyen embalaje, transporte, IVA ni otros gastos adicionales. Pedidos m\u00ednimos Los costes de gesti\u00f3n nos obligan a aplicar los siguientes gastos: pedidos de importe inferior a 100,00 \u20ac, [&hellip;]<\/p>\n","protected":false},"author":1,"featured_media":32284,"parent":0,"menu_order":0,"comment_status":"closed","ping_status":"closed","template":"page-templates\/full-width.php","meta":{"footnotes":""},"class_list":["post-32440","page","type-page","status-publish","has-post-thumbnail","hentry"],"yoast_head":"<!-- This site is optimized with the Yoast SEO plugin v27.3 - https:\/\/yoast.com\/product\/yoast-seo-wordpress\/ -->\n<title>Condiciones de venta - Frigo Po<\/title>\n<meta name=\"robots\" content=\"index, follow, max-snippet:-1, max-image-preview:large, max-video-preview:-1\" \/>\n<link rel=\"canonical\" href=\"https:\/\/frigopo.it\/es\/condiciones-de-venta\/\" \/>\n<meta property=\"og:locale\" content=\"es_ES\" \/>\n<meta property=\"og:type\" content=\"article\" \/>\n<meta property=\"og:title\" content=\"Condiciones de venta - Frigo Po\" \/>\n<meta property=\"og:description\" content=\"Los precios Los precios indicados en las ofertas y listas de precios no son vinculantes y pueden estar sujetos a cambios sin previo aviso. Los precios no incluyen embalaje, transporte, IVA ni otros gastos adicionales. Pedidos m\u00ednimos Los costes de gesti\u00f3n nos obligan a aplicar los siguientes gastos: pedidos de importe inferior a 100,00 \u20ac, [&hellip;]\" \/>\n<meta property=\"og:url\" content=\"https:\/\/frigopo.it\/es\/condiciones-de-venta\/\" \/>\n<meta property=\"og:site_name\" content=\"Frigo Po\" \/>\n<meta property=\"article:modified_time\" content=\"2024-11-25T16:15:56+00:00\" \/>\n<meta property=\"og:image\" content=\"https:\/\/frigopo.it\/wp-content\/uploads\/2023\/11\/frigopo-ricabi-guarinizioni-frigorifierijpg.jpg\" \/>\n\t<meta property=\"og:image:width\" content=\"2000\" \/>\n\t<meta property=\"og:image:height\" content=\"1333\" \/>\n\t<meta property=\"og:image:type\" content=\"image\/jpeg\" \/>\n<meta name=\"twitter:card\" content=\"summary_large_image\" \/>\n<meta name=\"twitter:label1\" content=\"Tiempo de lectura\" \/>\n\t<meta name=\"twitter:data1\" content=\"3 minutos\" \/>\n<script type=\"application\/ld+json\" class=\"yoast-schema-graph\">{\"@context\":\"https:\\\/\\\/schema.org\",\"@graph\":[{\"@type\":\"WebPage\",\"@id\":\"https:\\\/\\\/frigopo.it\\\/es\\\/condiciones-de-venta\\\/\",\"url\":\"https:\\\/\\\/frigopo.it\\\/es\\\/condiciones-de-venta\\\/\",\"name\":\"Condiciones de venta - Frigo Po\",\"isPartOf\":{\"@id\":\"https:\\\/\\\/frigopo.it\\\/es\\\/#website\"},\"primaryImageOfPage\":{\"@id\":\"https:\\\/\\\/frigopo.it\\\/es\\\/condiciones-de-venta\\\/#primaryimage\"},\"image\":{\"@id\":\"https:\\\/\\\/frigopo.it\\\/es\\\/condiciones-de-venta\\\/#primaryimage\"},\"thumbnailUrl\":\"https:\\\/\\\/frigopo.it\\\/wp-content\\\/uploads\\\/2023\\\/11\\\/frigopo-ricabi-guarinizioni-frigorifierijpg.jpg\",\"datePublished\":\"2023-11-30T11:21:41+00:00\",\"dateModified\":\"2024-11-25T16:15:56+00:00\",\"breadcrumb\":{\"@id\":\"https:\\\/\\\/frigopo.it\\\/es\\\/condiciones-de-venta\\\/#breadcrumb\"},\"inLanguage\":\"es\",\"potentialAction\":[{\"@type\":\"ReadAction\",\"target\":[\"https:\\\/\\\/frigopo.it\\\/es\\\/condiciones-de-venta\\\/\"]}]},{\"@type\":\"ImageObject\",\"inLanguage\":\"es\",\"@id\":\"https:\\\/\\\/frigopo.it\\\/es\\\/condiciones-de-venta\\\/#primaryimage\",\"url\":\"https:\\\/\\\/frigopo.it\\\/wp-content\\\/uploads\\\/2023\\\/11\\\/frigopo-ricabi-guarinizioni-frigorifierijpg.jpg\",\"contentUrl\":\"https:\\\/\\\/frigopo.it\\\/wp-content\\\/uploads\\\/2023\\\/11\\\/frigopo-ricabi-guarinizioni-frigorifierijpg.jpg\",\"width\":2000,\"height\":1333},{\"@type\":\"BreadcrumbList\",\"@id\":\"https:\\\/\\\/frigopo.it\\\/es\\\/condiciones-de-venta\\\/#breadcrumb\",\"itemListElement\":[{\"@type\":\"ListItem\",\"position\":1,\"name\":\"Home\",\"item\":\"https:\\\/\\\/frigopo.it\\\/es\\\/\"},{\"@type\":\"ListItem\",\"position\":2,\"name\":\"Condiciones de venta\"}]},{\"@type\":\"WebSite\",\"@id\":\"https:\\\/\\\/frigopo.it\\\/es\\\/#website\",\"url\":\"https:\\\/\\\/frigopo.it\\\/es\\\/\",\"name\":\"FRIGO PO\",\"description\":\"Ricambi e guarnizioni per refrigerazione professionale\",\"publisher\":{\"@id\":\"https:\\\/\\\/frigopo.it\\\/es\\\/#organization\"},\"alternateName\":\"FRIGO PO\",\"potentialAction\":[{\"@type\":\"SearchAction\",\"target\":{\"@type\":\"EntryPoint\",\"urlTemplate\":\"https:\\\/\\\/frigopo.it\\\/es\\\/?s={search_term_string}\"},\"query-input\":{\"@type\":\"PropertyValueSpecification\",\"valueRequired\":true,\"valueName\":\"search_term_string\"}}],\"inLanguage\":\"es\"},{\"@type\":\"Organization\",\"@id\":\"https:\\\/\\\/frigopo.it\\\/es\\\/#organization\",\"name\":\"Frigo Po Srl\",\"url\":\"https:\\\/\\\/frigopo.it\\\/es\\\/\",\"logo\":{\"@type\":\"ImageObject\",\"inLanguage\":\"es\",\"@id\":\"https:\\\/\\\/frigopo.it\\\/es\\\/#\\\/schema\\\/logo\\\/image\\\/\",\"url\":\"https:\\\/\\\/frigopo.it\\\/wp-content\\\/uploads\\\/2023\\\/11\\\/logo-frigopo.webp\",\"contentUrl\":\"https:\\\/\\\/frigopo.it\\\/wp-content\\\/uploads\\\/2023\\\/11\\\/logo-frigopo.webp\",\"width\":480,\"height\":91,\"caption\":\"Frigo Po Srl\"},\"image\":{\"@id\":\"https:\\\/\\\/frigopo.it\\\/es\\\/#\\\/schema\\\/logo\\\/image\\\/\"}}]}<\/script>\n<!-- \/ Yoast SEO plugin. -->","yoast_head_json":{"title":"Condiciones de venta - Frigo Po","robots":{"index":"index","follow":"follow","max-snippet":"max-snippet:-1","max-image-preview":"max-image-preview:large","max-video-preview":"max-video-preview:-1"},"canonical":"https:\/\/frigopo.it\/es\/condiciones-de-venta\/","og_locale":"es_ES","og_type":"article","og_title":"Condiciones de venta - Frigo Po","og_description":"Los precios Los precios indicados en las ofertas y listas de precios no son vinculantes y pueden estar sujetos a cambios sin previo aviso. Los precios no incluyen embalaje, transporte, IVA ni otros gastos adicionales. Pedidos m\u00ednimos Los costes de gesti\u00f3n nos obligan a aplicar los siguientes gastos: pedidos de importe inferior a 100,00 \u20ac, [&hellip;]","og_url":"https:\/\/frigopo.it\/es\/condiciones-de-venta\/","og_site_name":"Frigo Po","article_modified_time":"2024-11-25T16:15:56+00:00","og_image":[{"width":2000,"height":1333,"url":"https:\/\/frigopo.it\/wp-content\/uploads\/2023\/11\/frigopo-ricabi-guarinizioni-frigorifierijpg.jpg","type":"image\/jpeg"}],"twitter_card":"summary_large_image","twitter_misc":{"Tiempo de lectura":"3 minutos"},"schema":{"@context":"https:\/\/schema.org","@graph":[{"@type":"WebPage","@id":"https:\/\/frigopo.it\/es\/condiciones-de-venta\/","url":"https:\/\/frigopo.it\/es\/condiciones-de-venta\/","name":"Condiciones de venta - Frigo Po","isPartOf":{"@id":"https:\/\/frigopo.it\/es\/#website"},"primaryImageOfPage":{"@id":"https:\/\/frigopo.it\/es\/condiciones-de-venta\/#primaryimage"},"image":{"@id":"https:\/\/frigopo.it\/es\/condiciones-de-venta\/#primaryimage"},"thumbnailUrl":"https:\/\/frigopo.it\/wp-content\/uploads\/2023\/11\/frigopo-ricabi-guarinizioni-frigorifierijpg.jpg","datePublished":"2023-11-30T11:21:41+00:00","dateModified":"2024-11-25T16:15:56+00:00","breadcrumb":{"@id":"https:\/\/frigopo.it\/es\/condiciones-de-venta\/#breadcrumb"},"inLanguage":"es","potentialAction":[{"@type":"ReadAction","target":["https:\/\/frigopo.it\/es\/condiciones-de-venta\/"]}]},{"@type":"ImageObject","inLanguage":"es","@id":"https:\/\/frigopo.it\/es\/condiciones-de-venta\/#primaryimage","url":"https:\/\/frigopo.it\/wp-content\/uploads\/2023\/11\/frigopo-ricabi-guarinizioni-frigorifierijpg.jpg","contentUrl":"https:\/\/frigopo.it\/wp-content\/uploads\/2023\/11\/frigopo-ricabi-guarinizioni-frigorifierijpg.jpg","width":2000,"height":1333},{"@type":"BreadcrumbList","@id":"https:\/\/frigopo.it\/es\/condiciones-de-venta\/#breadcrumb","itemListElement":[{"@type":"ListItem","position":1,"name":"Home","item":"https:\/\/frigopo.it\/es\/"},{"@type":"ListItem","position":2,"name":"Condiciones de venta"}]},{"@type":"WebSite","@id":"https:\/\/frigopo.it\/es\/#website","url":"https:\/\/frigopo.it\/es\/","name":"FRIGO PO","description":"Ricambi e guarnizioni per refrigerazione professionale","publisher":{"@id":"https:\/\/frigopo.it\/es\/#organization"},"alternateName":"FRIGO PO","potentialAction":[{"@type":"SearchAction","target":{"@type":"EntryPoint","urlTemplate":"https:\/\/frigopo.it\/es\/?s={search_term_string}"},"query-input":{"@type":"PropertyValueSpecification","valueRequired":true,"valueName":"search_term_string"}}],"inLanguage":"es"},{"@type":"Organization","@id":"https:\/\/frigopo.it\/es\/#organization","name":"Frigo Po Srl","url":"https:\/\/frigopo.it\/es\/","logo":{"@type":"ImageObject","inLanguage":"es","@id":"https:\/\/frigopo.it\/es\/#\/schema\/logo\/image\/","url":"https:\/\/frigopo.it\/wp-content\/uploads\/2023\/11\/logo-frigopo.webp","contentUrl":"https:\/\/frigopo.it\/wp-content\/uploads\/2023\/11\/logo-frigopo.webp","width":480,"height":91,"caption":"Frigo Po Srl"},"image":{"@id":"https:\/\/frigopo.it\/es\/#\/schema\/logo\/image\/"}}]}},"_links":{"self":[{"href":"https:\/\/frigopo.it\/es\/wp-json\/wp\/v2\/pages\/32440","targetHints":{"allow":["GET"]}}],"collection":[{"href":"https:\/\/frigopo.it\/es\/wp-json\/wp\/v2\/pages"}],"about":[{"href":"https:\/\/frigopo.it\/es\/wp-json\/wp\/v2\/types\/page"}],"author":[{"embeddable":true,"href":"https:\/\/frigopo.it\/es\/wp-json\/wp\/v2\/users\/1"}],"replies":[{"embeddable":true,"href":"https:\/\/frigopo.it\/es\/wp-json\/wp\/v2\/comments?post=32440"}],"version-history":[{"count":4,"href":"https:\/\/frigopo.it\/es\/wp-json\/wp\/v2\/pages\/32440\/revisions"}],"predecessor-version":[{"id":32444,"href":"https:\/\/frigopo.it\/es\/wp-json\/wp\/v2\/pages\/32440\/revisions\/32444"}],"wp:featuredmedia":[{"embeddable":true,"href":"https:\/\/frigopo.it\/es\/wp-json\/wp\/v2\/media\/32284"}],"wp:attachment":[{"href":"https:\/\/frigopo.it\/es\/wp-json\/wp\/v2\/media?parent=32440"}],"curies":[{"name":"wp","href":"https:\/\/api.w.org\/{rel}","templated":true}]}}