{"id":32272,"date":"2024-02-12T14:03:00","date_gmt":"2024-02-12T13:03:00","guid":{"rendered":"https:\/\/frigopo.it\/ofertas\/"},"modified":"2024-11-22T15:04:00","modified_gmt":"2024-11-22T14:04:00","slug":"ofertas","status":"publish","type":"page","link":"https:\/\/frigopo.it\/es\/ofertas\/","title":{"rendered":"Ofertas"},"content":{"rendered":"\t\t<div data-elementor-type=\"wp-page\" data-elementor-id=\"32272\" class=\"elementor elementor-32272 elementor-31489\" data-elementor-post-type=\"page\">\n\t\t\t\t\t\t<section class=\"elementor-section elementor-top-section elementor-element elementor-element-13803aa elementor-section-boxed elementor-section-height-default elementor-section-height-default\" data-id=\"13803aa\" data-element_type=\"section\">\n\t\t\t\t\t\t<div class=\"elementor-container elementor-column-gap-extended\">\n\t\t\t\t\t<div class=\"elementor-column elementor-col-33 elementor-top-column elementor-element elementor-element-dba3338\" data-id=\"dba3338\" data-element_type=\"column\">\n\t\t\t<div class=\"elementor-widget-wrap elementor-element-populated\">\n\t\t\t\t\t\t<div class=\"elementor-element elementor-element-90633eb elementor-widget elementor-widget-image\" data-id=\"90633eb\" data-element_type=\"widget\" data-widget_type=\"image.default\">\n\t\t\t\t<div class=\"elementor-widget-container\">\n\t\t\t\t\t\t\t\t\t\t\t\t\t\t\t<img fetchpriority=\"high\" decoding=\"async\" width=\"300\" height=\"278\" src=\"https:\/\/frigopo.it\/wp-content\/uploads\/2024\/02\/08949-1-300x278.jpg\" class=\"attachment-medium size-medium wp-image-31513\" alt=\"\" srcset=\"https:\/\/frigopo.it\/wp-content\/uploads\/2024\/02\/08949-1-300x278.jpg 300w, https:\/\/frigopo.it\/wp-content\/uploads\/2024\/02\/08949-1-100x93.jpg 100w, https:\/\/frigopo.it\/wp-content\/uploads\/2024\/02\/08949-1-350x325.jpg 350w, https:\/\/frigopo.it\/wp-content\/uploads\/2024\/02\/08949-1.jpg 444w\" sizes=\"(max-width: 300px) 100vw, 300px\" \/>\t\t\t\t\t\t\t\t\t\t\t\t\t\t\t<\/div>\n\t\t\t\t<\/div>\n\t\t\t\t<div class=\"elementor-element elementor-element-8dd7678 elementor-widget elementor-widget-heading\" data-id=\"8dd7678\" data-element_type=\"widget\" data-widget_type=\"heading.default\">\n\t\t\t\t<div class=\"elementor-widget-container\">\n\t\t\t\t\t<h5 class=\"elementor-heading-title elementor-size-default\">C\u00d3DIGO 08949<\/h5>\t\t\t\t<\/div>\n\t\t\t\t<\/div>\n\t\t\t\t<div class=\"elementor-element elementor-element-5c86d68 elementor-widget elementor-widget-text-editor\" data-id=\"5c86d68\" data-element_type=\"widget\" data-widget_type=\"text-editor.default\">\n\t\t\t\t<div class=\"elementor-widget-container\">\n\t\t\t\t\t\t\t\t\t<p style=\"text-align: center;\"><strong>V\u00c1LVULA DE GRIFO PERFORADORA BPV 21 (FABRICADO EN EE. UU.) PARA TUBOS \u00d8 12,7 \u2013 15,8 mm, CONEXI\u00d3N 1\/4 SAE<\/strong><\/p>\n<p style=\"text-align: center;\">PRECIO NETO ESPECIAL PARA PEDIDOS M\u00cdNIMOS DE <b>15 UDS<\/b> . 6,00 \u20ac + IVA UNIDAD (HASTA AGOTAR EXISTENCIAS) <\/p>\n\t\t\t\t\t\t\t\t<\/div>\n\t\t\t\t<\/div>\n\t\t\t\t<div class=\"elementor-element elementor-element-48ac213 elementor-button-info elementor-align-center elementor-tablet-align-center elementor-widget elementor-widget-button\" data-id=\"48ac213\" data-element_type=\"widget\" data-widget_type=\"button.default\">\n\t\t\t\t<div class=\"elementor-widget-container\">\n\t\t\t\t\t\t\t\t\t<div class=\"elementor-button-wrapper\">\n\t\t\t\t\t<a class=\"elementor-button elementor-button-link elementor-size-sm\" href=\"https:\/\/frigopo.it\/contatti\/\">\n\t\t\t\t\t\t<span class=\"elementor-button-content-wrapper\">\n\t\t\t\t\t\t\t\t\t<span class=\"elementor-button-text\">Solicitar<\/span>\n\t\t\t\t\t<\/span>\n\t\t\t\t\t<\/a>\n\t\t\t\t<\/div>\n\t\t\t\t\t\t\t\t<\/div>\n\t\t\t\t<\/div>\n\t\t\t\t\t<\/div>\n\t\t<\/div>\n\t\t\t\t<div class=\"elementor-column elementor-col-33 elementor-top-column elementor-element elementor-element-e7e0ede\" data-id=\"e7e0ede\" data-element_type=\"column\">\n\t\t\t<div class=\"elementor-widget-wrap elementor-element-populated\">\n\t\t\t\t\t\t<div class=\"elementor-element elementor-element-c6003cd elementor-widget elementor-widget-image\" data-id=\"c6003cd\" data-element_type=\"widget\" data-widget_type=\"image.default\">\n\t\t\t\t<div class=\"elementor-widget-container\">\n\t\t\t\t\t\t\t\t\t\t\t\t\t\t\t<img decoding=\"async\" width=\"300\" height=\"278\" src=\"https:\/\/frigopo.it\/wp-content\/uploads\/2024\/02\/08798-300x278.jpg\" class=\"attachment-medium size-medium wp-image-32273\" alt=\"\" srcset=\"https:\/\/frigopo.it\/wp-content\/uploads\/2024\/02\/08798-300x278.jpg 300w, https:\/\/frigopo.it\/wp-content\/uploads\/2024\/02\/08798-100x93.jpg 100w, https:\/\/frigopo.it\/wp-content\/uploads\/2024\/02\/08798-350x325.jpg 350w, https:\/\/frigopo.it\/wp-content\/uploads\/2024\/02\/08798.jpg 444w\" sizes=\"(max-width: 300px) 100vw, 300px\" \/>\t\t\t\t\t\t\t\t\t\t\t\t\t\t\t<\/div>\n\t\t\t\t<\/div>\n\t\t\t\t<div class=\"elementor-element elementor-element-6f02cc9 elementor-widget elementor-widget-heading\" data-id=\"6f02cc9\" data-element_type=\"widget\" data-widget_type=\"heading.default\">\n\t\t\t\t<div class=\"elementor-widget-container\">\n\t\t\t\t\t<h5 class=\"elementor-heading-title elementor-size-default\">C\u00d3DIGO 08798<\/h5>\t\t\t\t<\/div>\n\t\t\t\t<\/div>\n\t\t\t\t<div class=\"elementor-element elementor-element-cbfde2c elementor-widget elementor-widget-text-editor\" data-id=\"cbfde2c\" data-element_type=\"widget\" data-widget_type=\"text-editor.default\">\n\t\t\t\t<div class=\"elementor-widget-container\">\n\t\t\t\t\t\t\t\t\t<p style=\"text-align: center;\"><strong>2 REGISTRADORES DE DATOS + SOFTWARE ESPEC\u00cdFICO<\/strong><\/p>\n<p style=\"text-align: center;\">PRECIO NETO ESPECIAL 230,00 \u20ac + IVA PRECIO V\u00c1LIDO SOLO PARA LA COMPRA DEL PAQUETE COMPLETO (HASTA AGOTAR EXISTENCIAS \/ SOLICITAR INFORMACI\u00d3N)<\/p>\n\t\t\t\t\t\t\t\t<\/div>\n\t\t\t\t<\/div>\n\t\t\t\t<div class=\"elementor-element elementor-element-91ed8e6 elementor-button-info elementor-align-center elementor-tablet-align-center elementor-widget elementor-widget-button\" data-id=\"91ed8e6\" data-element_type=\"widget\" data-widget_type=\"button.default\">\n\t\t\t\t<div class=\"elementor-widget-container\">\n\t\t\t\t\t\t\t\t\t<div class=\"elementor-button-wrapper\">\n\t\t\t\t\t<a class=\"elementor-button elementor-button-link elementor-size-sm\" href=\"https:\/\/frigopo.it\/contatti\/\">\n\t\t\t\t\t\t<span class=\"elementor-button-content-wrapper\">\n\t\t\t\t\t\t\t\t\t<span class=\"elementor-button-text\">Solicitar<\/span>\n\t\t\t\t\t<\/span>\n\t\t\t\t\t<\/a>\n\t\t\t\t<\/div>\n\t\t\t\t\t\t\t\t<\/div>\n\t\t\t\t<\/div>\n\t\t\t\t\t<\/div>\n\t\t<\/div>\n\t\t\t\t<div class=\"elementor-column elementor-col-33 elementor-top-column elementor-element elementor-element-3adca4c elementor-hidden-desktop elementor-hidden-tablet elementor-hidden-mobile\" data-id=\"3adca4c\" data-element_type=\"column\">\n\t\t\t<div class=\"elementor-widget-wrap elementor-element-populated\">\n\t\t\t\t\t\t<div class=\"elementor-element elementor-element-51c233f elementor-widget elementor-widget-image\" data-id=\"51c233f\" data-element_type=\"widget\" data-widget_type=\"image.default\">\n\t\t\t\t<div class=\"elementor-widget-container\">\n\t\t\t\t\t\t\t\t\t\t\t\t\t\t\t<img decoding=\"async\" width=\"300\" height=\"229\" src=\"https:\/\/frigopo.it\/wp-content\/uploads\/08991-08992-300x229.png\" class=\"attachment-medium size-medium wp-image-32306\" alt=\"\" srcset=\"https:\/\/frigopo.it\/wp-content\/uploads\/08991-08992-300x229.png 300w, https:\/\/frigopo.it\/wp-content\/uploads\/08991-08992-100x76.png 100w, https:\/\/frigopo.it\/wp-content\/uploads\/08991-08992-350x268.png 350w, https:\/\/frigopo.it\/wp-content\/uploads\/08991-08992-480x367.png 480w, https:\/\/frigopo.it\/wp-content\/uploads\/08991-08992.png 519w\" sizes=\"(max-width: 300px) 100vw, 300px\" \/>\t\t\t\t\t\t\t\t\t\t\t\t\t\t\t<\/div>\n\t\t\t\t<\/div>\n\t\t\t\t<div class=\"elementor-element elementor-element-2d1b268 elementor-widget elementor-widget-heading\" data-id=\"2d1b268\" data-element_type=\"widget\" data-widget_type=\"heading.default\">\n\t\t\t\t<div class=\"elementor-widget-container\">\n\t\t\t\t\t<h5 class=\"elementor-heading-title elementor-size-default\">C\u00d3DIGO 08991<\/h5>\t\t\t\t<\/div>\n\t\t\t\t<\/div>\n\t\t\t\t<div class=\"elementor-element elementor-element-295fc0a elementor-widget elementor-widget-text-editor\" data-id=\"295fc0a\" data-element_type=\"widget\" data-widget_type=\"text-editor.default\">\n\t\t\t\t<div class=\"elementor-widget-container\">\n\t\t\t\t\t\t\t\t\t<p style=\"text-align: center;\"><strong>REGISTRADOR GR\u00c1FICO DE TEMPERATURA -10\u00b0 +40 \u00b0C JULES RICHARD, CONTROL SEMANAL RELOJ DE CUARZO CON BATER\u00cdA DE 1,5 V CON CERRADURA Y SOPORTE PARA FIJACI\u00d3N EN LA PARED<\/strong><\/p>\n<p style=\"text-align: center;\">PRECIO NETO ESPECIAL 350,00 \u20ac + IVA (HASTA AGOTAR EXISTENCIAS)<\/p>\n\t\t\t\t\t\t\t\t<\/div>\n\t\t\t\t<\/div>\n\t\t\t\t<div class=\"elementor-element elementor-element-2633f04 elementor-button-info elementor-align-center elementor-tablet-align-center elementor-widget elementor-widget-button\" data-id=\"2633f04\" data-element_type=\"widget\" data-widget_type=\"button.default\">\n\t\t\t\t<div class=\"elementor-widget-container\">\n\t\t\t\t\t\t\t\t\t<div class=\"elementor-button-wrapper\">\n\t\t\t\t\t<a class=\"elementor-button elementor-button-link elementor-size-sm\" href=\"https:\/\/frigopo.it\/contatti\/\">\n\t\t\t\t\t\t<span class=\"elementor-button-content-wrapper\">\n\t\t\t\t\t\t\t\t\t<span class=\"elementor-button-text\">Solicitar<\/span>\n\t\t\t\t\t<\/span>\n\t\t\t\t\t<\/a>\n\t\t\t\t<\/div>\n\t\t\t\t\t\t\t\t<\/div>\n\t\t\t\t<\/div>\n\t\t\t\t\t<\/div>\n\t\t<\/div>\n\t\t\t\t\t<\/div>\n\t\t<\/section>\n\t\t\t\t<\/div>\n\t\t","protected":false},"excerpt":{"rendered":"<p>C\u00d3DIGO 08949 V\u00c1LVULA DE GRIFO PERFORADORA BPV 21 (FABRICADO EN EE. UU.) PARA TUBOS \u00d8 12,7 \u2013 15,8 mm, CONEXI\u00d3N 1\/4 SAE PRECIO NETO ESPECIAL PARA PEDIDOS M\u00cdNIMOS DE 15 UDS . 6,00 \u20ac + IVA UNIDAD (HASTA AGOTAR EXISTENCIAS) Solicitar C\u00d3DIGO 08798 2 REGISTRADORES DE DATOS + SOFTWARE ESPEC\u00cdFICO PRECIO NETO ESPECIAL 230,00 \u20ac [&hellip;]<\/p>\n","protected":false},"author":1,"featured_media":0,"parent":0,"menu_order":0,"comment_status":"closed","ping_status":"closed","template":"","meta":{"footnotes":""},"class_list":["post-32272","page","type-page","status-publish","hentry"],"yoast_head":"<!-- This site is optimized with the Yoast SEO plugin v26.2 - https:\/\/yoast.com\/wordpress\/plugins\/seo\/ -->\n<title>Descubra nuestras ofertas - Frigo Po<\/title>\n<meta name=\"description\" content=\"Descubra nuestras ofertas. Ahorre en v\u00e1lvulas perforadoras, registradores de datos con software y soldadoras de juntas. \u00a1Compre ahora!\" \/>\n<meta name=\"robots\" content=\"index, follow, max-snippet:-1, max-image-preview:large, max-video-preview:-1\" \/>\n<link rel=\"canonical\" href=\"https:\/\/frigopo.it\/es\/ofertas\/\" \/>\n<meta property=\"og:locale\" content=\"es_ES\" \/>\n<meta property=\"og:type\" content=\"article\" \/>\n<meta property=\"og:title\" content=\"Descubra nuestras ofertas - Frigo Po\" \/>\n<meta property=\"og:description\" content=\"Descubra nuestras ofertas. Ahorre en v\u00e1lvulas perforadoras, registradores de datos con software y soldadoras de juntas. \u00a1Compre ahora!\" \/>\n<meta property=\"og:url\" content=\"https:\/\/frigopo.it\/es\/ofertas\/\" \/>\n<meta property=\"og:site_name\" content=\"Frigo Po\" \/>\n<meta property=\"article:modified_time\" content=\"2024-11-22T14:04:00+00:00\" \/>\n<meta property=\"og:image\" content=\"https:\/\/frigopo.it\/wp-content\/uploads\/2024\/02\/08949-1.jpg\" \/>\n\t<meta property=\"og:image:width\" content=\"444\" \/>\n\t<meta property=\"og:image:height\" content=\"412\" \/>\n\t<meta property=\"og:image:type\" content=\"image\/jpeg\" \/>\n<meta name=\"twitter:card\" content=\"summary_large_image\" \/>\n<meta name=\"twitter:label1\" content=\"Tiempo de lectura\" \/>\n\t<meta name=\"twitter:data1\" content=\"1 minuto\" \/>\n<script type=\"application\/ld+json\" class=\"yoast-schema-graph\">{\"@context\":\"https:\/\/schema.org\",\"@graph\":[{\"@type\":\"WebPage\",\"@id\":\"https:\/\/frigopo.it\/es\/ofertas\/\",\"url\":\"https:\/\/frigopo.it\/es\/ofertas\/\",\"name\":\"Descubra nuestras ofertas - Frigo Po\",\"isPartOf\":{\"@id\":\"https:\/\/frigopo.it\/es\/#website\"},\"primaryImageOfPage\":{\"@id\":\"https:\/\/frigopo.it\/es\/ofertas\/#primaryimage\"},\"image\":{\"@id\":\"https:\/\/frigopo.it\/es\/ofertas\/#primaryimage\"},\"thumbnailUrl\":\"https:\/\/frigopo.it\/wp-content\/uploads\/2024\/02\/08949-1-300x278.jpg\",\"datePublished\":\"2024-02-12T13:03:00+00:00\",\"dateModified\":\"2024-11-22T14:04:00+00:00\",\"description\":\"Descubra nuestras ofertas. Ahorre en v\u00e1lvulas perforadoras, registradores de datos con software y soldadoras de juntas. \u00a1Compre ahora!\",\"breadcrumb\":{\"@id\":\"https:\/\/frigopo.it\/es\/ofertas\/#breadcrumb\"},\"inLanguage\":\"es\",\"potentialAction\":[{\"@type\":\"ReadAction\",\"target\":[\"https:\/\/frigopo.it\/es\/ofertas\/\"]}]},{\"@type\":\"ImageObject\",\"inLanguage\":\"es\",\"@id\":\"https:\/\/frigopo.it\/es\/ofertas\/#primaryimage\",\"url\":\"https:\/\/frigopo.it\/wp-content\/uploads\/2024\/02\/08949-1-300x278.jpg\",\"contentUrl\":\"https:\/\/frigopo.it\/wp-content\/uploads\/2024\/02\/08949-1-300x278.jpg\"},{\"@type\":\"BreadcrumbList\",\"@id\":\"https:\/\/frigopo.it\/es\/ofertas\/#breadcrumb\",\"itemListElement\":[{\"@type\":\"ListItem\",\"position\":1,\"name\":\"Home\",\"item\":\"https:\/\/frigopo.it\/es\/\"},{\"@type\":\"ListItem\",\"position\":2,\"name\":\"Ofertas\"}]},{\"@type\":\"WebSite\",\"@id\":\"https:\/\/frigopo.it\/es\/#website\",\"url\":\"https:\/\/frigopo.it\/es\/\",\"name\":\"FRIGO PO\",\"description\":\"Ricambi e guarnizioni per refrigerazione professionale\",\"publisher\":{\"@id\":\"https:\/\/frigopo.it\/es\/#organization\"},\"alternateName\":\"FRIGO PO\",\"potentialAction\":[{\"@type\":\"SearchAction\",\"target\":{\"@type\":\"EntryPoint\",\"urlTemplate\":\"https:\/\/frigopo.it\/es\/?s={search_term_string}\"},\"query-input\":{\"@type\":\"PropertyValueSpecification\",\"valueRequired\":true,\"valueName\":\"search_term_string\"}}],\"inLanguage\":\"es\"},{\"@type\":\"Organization\",\"@id\":\"https:\/\/frigopo.it\/es\/#organization\",\"name\":\"Frigo Po Srl\",\"url\":\"https:\/\/frigopo.it\/es\/\",\"logo\":{\"@type\":\"ImageObject\",\"inLanguage\":\"es\",\"@id\":\"https:\/\/frigopo.it\/es\/#\/schema\/logo\/image\/\",\"url\":\"https:\/\/frigopo.it\/wp-content\/uploads\/2023\/11\/logo-frigopo.webp\",\"contentUrl\":\"https:\/\/frigopo.it\/wp-content\/uploads\/2023\/11\/logo-frigopo.webp\",\"width\":480,\"height\":91,\"caption\":\"Frigo Po Srl\"},\"image\":{\"@id\":\"https:\/\/frigopo.it\/es\/#\/schema\/logo\/image\/\"}}]}<\/script>\n<!-- \/ Yoast SEO plugin. -->","yoast_head_json":{"title":"Descubra nuestras ofertas - Frigo Po","description":"Descubra nuestras ofertas. Ahorre en v\u00e1lvulas perforadoras, registradores de datos con software y soldadoras de juntas. \u00a1Compre ahora!","robots":{"index":"index","follow":"follow","max-snippet":"max-snippet:-1","max-image-preview":"max-image-preview:large","max-video-preview":"max-video-preview:-1"},"canonical":"https:\/\/frigopo.it\/es\/ofertas\/","og_locale":"es_ES","og_type":"article","og_title":"Descubra nuestras ofertas - Frigo Po","og_description":"Descubra nuestras ofertas. Ahorre en v\u00e1lvulas perforadoras, registradores de datos con software y soldadoras de juntas. \u00a1Compre ahora!","og_url":"https:\/\/frigopo.it\/es\/ofertas\/","og_site_name":"Frigo Po","article_modified_time":"2024-11-22T14:04:00+00:00","og_image":[{"width":444,"height":412,"url":"https:\/\/frigopo.it\/wp-content\/uploads\/2024\/02\/08949-1.jpg","type":"image\/jpeg"}],"twitter_card":"summary_large_image","twitter_misc":{"Tiempo de lectura":"1 minuto"},"schema":{"@context":"https:\/\/schema.org","@graph":[{"@type":"WebPage","@id":"https:\/\/frigopo.it\/es\/ofertas\/","url":"https:\/\/frigopo.it\/es\/ofertas\/","name":"Descubra nuestras ofertas - Frigo Po","isPartOf":{"@id":"https:\/\/frigopo.it\/es\/#website"},"primaryImageOfPage":{"@id":"https:\/\/frigopo.it\/es\/ofertas\/#primaryimage"},"image":{"@id":"https:\/\/frigopo.it\/es\/ofertas\/#primaryimage"},"thumbnailUrl":"https:\/\/frigopo.it\/wp-content\/uploads\/2024\/02\/08949-1-300x278.jpg","datePublished":"2024-02-12T13:03:00+00:00","dateModified":"2024-11-22T14:04:00+00:00","description":"Descubra nuestras ofertas. Ahorre en v\u00e1lvulas perforadoras, registradores de datos con software y soldadoras de juntas. \u00a1Compre ahora!","breadcrumb":{"@id":"https:\/\/frigopo.it\/es\/ofertas\/#breadcrumb"},"inLanguage":"es","potentialAction":[{"@type":"ReadAction","target":["https:\/\/frigopo.it\/es\/ofertas\/"]}]},{"@type":"ImageObject","inLanguage":"es","@id":"https:\/\/frigopo.it\/es\/ofertas\/#primaryimage","url":"https:\/\/frigopo.it\/wp-content\/uploads\/2024\/02\/08949-1-300x278.jpg","contentUrl":"https:\/\/frigopo.it\/wp-content\/uploads\/2024\/02\/08949-1-300x278.jpg"},{"@type":"BreadcrumbList","@id":"https:\/\/frigopo.it\/es\/ofertas\/#breadcrumb","itemListElement":[{"@type":"ListItem","position":1,"name":"Home","item":"https:\/\/frigopo.it\/es\/"},{"@type":"ListItem","position":2,"name":"Ofertas"}]},{"@type":"WebSite","@id":"https:\/\/frigopo.it\/es\/#website","url":"https:\/\/frigopo.it\/es\/","name":"FRIGO PO","description":"Ricambi e guarnizioni per refrigerazione professionale","publisher":{"@id":"https:\/\/frigopo.it\/es\/#organization"},"alternateName":"FRIGO PO","potentialAction":[{"@type":"SearchAction","target":{"@type":"EntryPoint","urlTemplate":"https:\/\/frigopo.it\/es\/?s={search_term_string}"},"query-input":{"@type":"PropertyValueSpecification","valueRequired":true,"valueName":"search_term_string"}}],"inLanguage":"es"},{"@type":"Organization","@id":"https:\/\/frigopo.it\/es\/#organization","name":"Frigo Po Srl","url":"https:\/\/frigopo.it\/es\/","logo":{"@type":"ImageObject","inLanguage":"es","@id":"https:\/\/frigopo.it\/es\/#\/schema\/logo\/image\/","url":"https:\/\/frigopo.it\/wp-content\/uploads\/2023\/11\/logo-frigopo.webp","contentUrl":"https:\/\/frigopo.it\/wp-content\/uploads\/2023\/11\/logo-frigopo.webp","width":480,"height":91,"caption":"Frigo Po Srl"},"image":{"@id":"https:\/\/frigopo.it\/es\/#\/schema\/logo\/image\/"}}]}},"_links":{"self":[{"href":"https:\/\/frigopo.it\/es\/wp-json\/wp\/v2\/pages\/32272","targetHints":{"allow":["GET"]}}],"collection":[{"href":"https:\/\/frigopo.it\/es\/wp-json\/wp\/v2\/pages"}],"about":[{"href":"https:\/\/frigopo.it\/es\/wp-json\/wp\/v2\/types\/page"}],"author":[{"embeddable":true,"href":"https:\/\/frigopo.it\/es\/wp-json\/wp\/v2\/users\/1"}],"replies":[{"embeddable":true,"href":"https:\/\/frigopo.it\/es\/wp-json\/wp\/v2\/comments?post=32272"}],"version-history":[{"count":1,"href":"https:\/\/frigopo.it\/es\/wp-json\/wp\/v2\/pages\/32272\/revisions"}],"predecessor-version":[{"id":32274,"href":"https:\/\/frigopo.it\/es\/wp-json\/wp\/v2\/pages\/32272\/revisions\/32274"}],"wp:attachment":[{"href":"https:\/\/frigopo.it\/es\/wp-json\/wp\/v2\/media?parent=32272"}],"curies":[{"name":"wp","href":"https:\/\/api.w.org\/{rel}","templated":true}]}}