{"id":32266,"date":"2023-12-27T13:26:06","date_gmt":"2023-12-27T12:26:06","guid":{"rendered":"https:\/\/frigopo.it\/perfiles-magneticos-y-no-magneticos-para-refrigeracion-frigo-po\/"},"modified":"2024-11-22T14:57:03","modified_gmt":"2024-11-22T13:57:03","slug":"perfiles-magneticos-y-no-magneticos-para-refrigeracion-frigo-po","status":"publish","type":"page","link":"https:\/\/frigopo.it\/es\/perfiles-magneticos-y-no-magneticos-para-refrigeracion-frigo-po\/","title":{"rendered":"Perfiles magn\u00e9ticos y no magn\u00e9ticos para refrigeraci\u00f3n &#8211; Frigo Po"},"content":{"rendered":"\t\t<div data-elementor-type=\"wp-page\" data-elementor-id=\"32266\" class=\"elementor elementor-32266 elementor-31449\" data-elementor-post-type=\"page\">\n\t\t\t\t\t\t<section class=\"elementor-section elementor-top-section elementor-element elementor-element-fa3a95a elementor-section-boxed elementor-section-height-default elementor-section-height-default\" data-id=\"fa3a95a\" data-element_type=\"section\">\n\t\t\t\t\t\t<div class=\"elementor-container elementor-column-gap-default\">\n\t\t\t\t\t<div class=\"elementor-column elementor-col-100 elementor-top-column elementor-element elementor-element-a608b56\" data-id=\"a608b56\" data-element_type=\"column\">\n\t\t\t<div class=\"elementor-widget-wrap elementor-element-populated\">\n\t\t\t\t\t\t<div class=\"elementor-element elementor-element-a422e61 elementor-widget elementor-widget-text-editor\" data-id=\"a422e61\" data-element_type=\"widget\" data-widget_type=\"text-editor.default\">\n\t\t\t\t<div class=\"elementor-widget-container\">\n\t\t\t\t\t\t\t\t\t<p style=\"text-align: center;\">Explora nuestra gama de perfiles para juntas, tanto magn\u00e9ticos como no magn\u00e9ticos, dise\u00f1ados para garantizar la m\u00e1xima eficiencia en los sistemas de refrigeraci\u00f3n profesional. Elige entre una variedad de c\u00f3digos y tama\u00f1os exteriores, compatibles con marcas reconocidas como Zanussi, Mondial Elite, ILSA y muchas m\u00e1s. Cada perfil est\u00e1 espec\u00edficamente indicado para satisfacer diferentes necesidades de refrigeraci\u00f3n, incluyendo abatidores y frigor\u00edficos profesionales. Encuentra f\u00e1cilmente el perfil adecuado gracias a las indicaciones detalladas y verifica la disponibilidad de medidas bajo pedido para una mayor versatilidad.   <\/p>\n\t\t\t\t\t\t\t\t<\/div>\n\t\t\t\t<\/div>\n\t\t\t\t\t<\/div>\n\t\t<\/div>\n\t\t\t\t\t<\/div>\n\t\t<\/section>\n\t\t\t\t<section class=\"elementor-section elementor-top-section elementor-element elementor-element-3230775 elementor-section-boxed elementor-section-height-default elementor-section-height-default\" data-id=\"3230775\" data-element_type=\"section\">\n\t\t\t\t\t\t<div class=\"elementor-container elementor-column-gap-wider\">\n\t\t\t\t\t<div class=\"elementor-column elementor-col-50 elementor-top-column elementor-element elementor-element-39599ea\" data-id=\"39599ea\" data-element_type=\"column\">\n\t\t\t<div class=\"elementor-widget-wrap elementor-element-populated\">\n\t\t\t\t\t\t<div class=\"elementor-element elementor-element-26b4365 elementor-widget elementor-widget-image\" data-id=\"26b4365\" data-element_type=\"widget\" data-widget_type=\"image.default\">\n\t\t\t\t<div class=\"elementor-widget-container\">\n\t\t\t\t\t\t\t\t\t\t\t\t\t\t\t<img fetchpriority=\"high\" decoding=\"async\" width=\"768\" height=\"706\" src=\"https:\/\/frigopo.it\/wp-content\/uploads\/2021\/10\/profili-magnetici-768x706.webp\" class=\"attachment-medium_large size-medium_large wp-image-32261\" alt=\"\" srcset=\"https:\/\/frigopo.it\/wp-content\/uploads\/2021\/10\/profili-magnetici-768x706.webp 768w, https:\/\/frigopo.it\/wp-content\/uploads\/2021\/10\/profili-magnetici-300x276.webp 300w, https:\/\/frigopo.it\/wp-content\/uploads\/2021\/10\/profili-magnetici-1024x941.webp 1024w, https:\/\/frigopo.it\/wp-content\/uploads\/2021\/10\/profili-magnetici-100x92.webp 100w, https:\/\/frigopo.it\/wp-content\/uploads\/2021\/10\/profili-magnetici-800x735.webp 800w, https:\/\/frigopo.it\/wp-content\/uploads\/2021\/10\/profili-magnetici-350x322.webp 350w, https:\/\/frigopo.it\/wp-content\/uploads\/2021\/10\/profili-magnetici-480x441.webp 480w, https:\/\/frigopo.it\/wp-content\/uploads\/2021\/10\/profili-magnetici-600x552.webp 600w, https:\/\/frigopo.it\/wp-content\/uploads\/2021\/10\/profili-magnetici.webp 1300w\" sizes=\"(max-width: 768px) 100vw, 768px\" \/>\t\t\t\t\t\t\t\t\t\t\t\t\t\t\t<\/div>\n\t\t\t\t<\/div>\n\t\t\t\t<div class=\"elementor-element elementor-element-6d5d9ee lte-heading-align-tablet-center elementor-widget__width-initial lte-heading-align-center elementor-widget elementor-widget-lte-header\" data-id=\"6d5d9ee\" data-element_type=\"widget\" data-widget_type=\"lte-header.default\">\n\t\t\t\t<div class=\"elementor-widget-container\">\n\t\t\t\t\t<div class=\"lte-heading lte-style-header-subheader-dash lte-subcolor-main heading-tag-h3 heading-subtag-h6\"><div class=\"lte-heading-content\"><h3 class=\"lte-header\">Profili <span>magnetici<\/span><\/h3><\/div><\/div>\t\t\t\t<\/div>\n\t\t\t\t<\/div>\n\t\t\t\t<div class=\"elementor-element elementor-element-dbfec92 elementor-widget__width-initial elementor-widget-mobile__width-inherit elementor-widget elementor-widget-lte-button\" data-id=\"dbfec92\" data-element_type=\"widget\" data-widget_type=\"lte-button.default\">\n\t\t\t\t<div class=\"elementor-widget-container\">\n\t\t\t\t\t<div class=\"lte-btn-wrap\">\r\n\t<a href=\"\/profili-magnetici\"  class=\"lte-btn btn-lg color-hover-default\"><span class=\"lte-btn-inner\"><span class=\"lte-btn-before\"><\/span>Visualizza<span class=\"lte-btn-after\"><\/span><\/span><\/a><\/div>\t\t\t\t<\/div>\n\t\t\t\t<\/div>\n\t\t\t\t\t<\/div>\n\t\t<\/div>\n\t\t\t\t<div class=\"elementor-column elementor-col-50 elementor-top-column elementor-element elementor-element-fa7b809\" data-id=\"fa7b809\" data-element_type=\"column\">\n\t\t\t<div class=\"elementor-widget-wrap elementor-element-populated\">\n\t\t\t\t\t\t<div class=\"elementor-element elementor-element-c3feb9d elementor-widget elementor-widget-image\" data-id=\"c3feb9d\" data-element_type=\"widget\" data-widget_type=\"image.default\">\n\t\t\t\t<div class=\"elementor-widget-container\">\n\t\t\t\t\t\t\t\t\t\t\t\t\t\t\t<img decoding=\"async\" width=\"1024\" height=\"941\" src=\"https:\/\/frigopo.it\/wp-content\/uploads\/2021\/10\/profili-non-magnetici-copia-1024x941.webp\" class=\"attachment-large size-large wp-image-32264\" alt=\"\" srcset=\"https:\/\/frigopo.it\/wp-content\/uploads\/2021\/10\/profili-non-magnetici-copia-1024x941.webp 1024w, https:\/\/frigopo.it\/wp-content\/uploads\/2021\/10\/profili-non-magnetici-copia-300x276.webp 300w, https:\/\/frigopo.it\/wp-content\/uploads\/2021\/10\/profili-non-magnetici-copia-768x706.webp 768w, https:\/\/frigopo.it\/wp-content\/uploads\/2021\/10\/profili-non-magnetici-copia-100x92.webp 100w, https:\/\/frigopo.it\/wp-content\/uploads\/2021\/10\/profili-non-magnetici-copia-800x735.webp 800w, https:\/\/frigopo.it\/wp-content\/uploads\/2021\/10\/profili-non-magnetici-copia-350x322.webp 350w, https:\/\/frigopo.it\/wp-content\/uploads\/2021\/10\/profili-non-magnetici-copia-480x441.webp 480w, https:\/\/frigopo.it\/wp-content\/uploads\/2021\/10\/profili-non-magnetici-copia-600x552.webp 600w, https:\/\/frigopo.it\/wp-content\/uploads\/2021\/10\/profili-non-magnetici-copia.webp 1300w\" sizes=\"(max-width: 1024px) 100vw, 1024px\" \/>\t\t\t\t\t\t\t\t\t\t\t\t\t\t\t<\/div>\n\t\t\t\t<\/div>\n\t\t\t\t<div class=\"elementor-element elementor-element-760ab7a lte-heading-align-tablet-center elementor-widget__width-initial lte-heading-align-center elementor-widget elementor-widget-lte-header\" data-id=\"760ab7a\" data-element_type=\"widget\" data-widget_type=\"lte-header.default\">\n\t\t\t\t<div class=\"elementor-widget-container\">\n\t\t\t\t\t<div class=\"lte-heading lte-style-header-subheader-dash lte-subcolor-main heading-tag-h3 heading-subtag-h6\"><div class=\"lte-heading-content\"><h3 class=\"lte-header\">Profili <span>non magnetici<\/span><\/h3><\/div><\/div>\t\t\t\t<\/div>\n\t\t\t\t<\/div>\n\t\t\t\t<div class=\"elementor-element elementor-element-3ce9831 elementor-widget__width-initial elementor-widget-mobile__width-inherit elementor-widget elementor-widget-lte-button\" data-id=\"3ce9831\" data-element_type=\"widget\" data-widget_type=\"lte-button.default\">\n\t\t\t\t<div class=\"elementor-widget-container\">\n\t\t\t\t\t<div class=\"lte-btn-wrap\">\r\n\t<a href=\"\/profili-non-magnetici\"  class=\"lte-btn btn-lg color-hover-default\"><span class=\"lte-btn-inner\"><span class=\"lte-btn-before\"><\/span>Visualizza<span class=\"lte-btn-after\"><\/span><\/span><\/a><\/div>\t\t\t\t<\/div>\n\t\t\t\t<\/div>\n\t\t\t\t\t<\/div>\n\t\t<\/div>\n\t\t\t\t\t<\/div>\n\t\t<\/section>\n\t\t\t\t<\/div>\n\t\t","protected":false},"excerpt":{"rendered":"<p>Explora nuestra gama de perfiles para juntas, tanto magn\u00e9ticos como no magn\u00e9ticos, dise\u00f1ados para garantizar la m\u00e1xima eficiencia en los sistemas de refrigeraci\u00f3n profesional. Elige entre una variedad de c\u00f3digos y tama\u00f1os exteriores, compatibles con marcas reconocidas como Zanussi, Mondial Elite, ILSA y muchas m\u00e1s. Cada perfil est\u00e1 espec\u00edficamente indicado para satisfacer diferentes necesidades de [&hellip;]<\/p>\n","protected":false},"author":1,"featured_media":0,"parent":0,"menu_order":0,"comment_status":"closed","ping_status":"closed","template":"","meta":{"footnotes":""},"class_list":["post-32266","page","type-page","status-publish","hentry"],"yoast_head":"<!-- This site is optimized with the Yoast SEO plugin v27.3 - https:\/\/yoast.com\/product\/yoast-seo-wordpress\/ -->\n<title>Perfiles magn\u00e9ticos y no magn\u00e9ticos para refrigeraci\u00f3n - Frigo Po<\/title>\n<meta name=\"description\" content=\"Descubra la selecci\u00f3n de perfiles para juntas, compatibles con marcas como Zanussi y Mondial Elite. Distintos tama\u00f1os disponibles.\" \/>\n<meta name=\"robots\" content=\"index, follow, max-snippet:-1, max-image-preview:large, max-video-preview:-1\" \/>\n<link rel=\"canonical\" href=\"https:\/\/frigopo.it\/es\/perfiles-magneticos-y-no-magneticos-para-refrigeracion-frigo-po\/\" \/>\n<meta property=\"og:locale\" content=\"es_ES\" \/>\n<meta property=\"og:type\" content=\"article\" \/>\n<meta property=\"og:title\" content=\"Perfiles magn\u00e9ticos y no magn\u00e9ticos para refrigeraci\u00f3n - Frigo Po\" \/>\n<meta property=\"og:description\" content=\"Descubra la selecci\u00f3n de perfiles para juntas, compatibles con marcas como Zanussi y Mondial Elite. Distintos tama\u00f1os disponibles.\" \/>\n<meta property=\"og:url\" content=\"https:\/\/frigopo.it\/es\/perfiles-magneticos-y-no-magneticos-para-refrigeracion-frigo-po\/\" \/>\n<meta property=\"og:site_name\" content=\"Frigo Po\" \/>\n<meta property=\"article:modified_time\" content=\"2024-11-22T13:57:03+00:00\" \/>\n<meta property=\"og:image\" content=\"https:\/\/frigopo.it\/wp-content\/uploads\/2021\/10\/profili-magnetici.webp\" \/>\n\t<meta property=\"og:image:width\" content=\"1300\" \/>\n\t<meta property=\"og:image:height\" content=\"1195\" \/>\n\t<meta property=\"og:image:type\" content=\"image\/webp\" \/>\n<meta name=\"twitter:card\" content=\"summary_large_image\" \/>\n<meta name=\"twitter:label1\" content=\"Tiempo de lectura\" \/>\n\t<meta name=\"twitter:data1\" content=\"1 minuto\" \/>\n<script type=\"application\/ld+json\" class=\"yoast-schema-graph\">{\"@context\":\"https:\\\/\\\/schema.org\",\"@graph\":[{\"@type\":\"WebPage\",\"@id\":\"https:\\\/\\\/frigopo.it\\\/es\\\/perfiles-magneticos-y-no-magneticos-para-refrigeracion-frigo-po\\\/\",\"url\":\"https:\\\/\\\/frigopo.it\\\/es\\\/perfiles-magneticos-y-no-magneticos-para-refrigeracion-frigo-po\\\/\",\"name\":\"Perfiles magn\u00e9ticos y no magn\u00e9ticos para refrigeraci\u00f3n - Frigo Po\",\"isPartOf\":{\"@id\":\"https:\\\/\\\/frigopo.it\\\/es\\\/#website\"},\"primaryImageOfPage\":{\"@id\":\"https:\\\/\\\/frigopo.it\\\/es\\\/perfiles-magneticos-y-no-magneticos-para-refrigeracion-frigo-po\\\/#primaryimage\"},\"image\":{\"@id\":\"https:\\\/\\\/frigopo.it\\\/es\\\/perfiles-magneticos-y-no-magneticos-para-refrigeracion-frigo-po\\\/#primaryimage\"},\"thumbnailUrl\":\"https:\\\/\\\/frigopo.it\\\/wp-content\\\/uploads\\\/2021\\\/10\\\/profili-magnetici-768x706.webp\",\"datePublished\":\"2023-12-27T12:26:06+00:00\",\"dateModified\":\"2024-11-22T13:57:03+00:00\",\"description\":\"Descubra la selecci\u00f3n de perfiles para juntas, compatibles con marcas como Zanussi y Mondial Elite. Distintos tama\u00f1os disponibles.\",\"breadcrumb\":{\"@id\":\"https:\\\/\\\/frigopo.it\\\/es\\\/perfiles-magneticos-y-no-magneticos-para-refrigeracion-frigo-po\\\/#breadcrumb\"},\"inLanguage\":\"es\",\"potentialAction\":[{\"@type\":\"ReadAction\",\"target\":[\"https:\\\/\\\/frigopo.it\\\/es\\\/perfiles-magneticos-y-no-magneticos-para-refrigeracion-frigo-po\\\/\"]}]},{\"@type\":\"ImageObject\",\"inLanguage\":\"es\",\"@id\":\"https:\\\/\\\/frigopo.it\\\/es\\\/perfiles-magneticos-y-no-magneticos-para-refrigeracion-frigo-po\\\/#primaryimage\",\"url\":\"https:\\\/\\\/frigopo.it\\\/wp-content\\\/uploads\\\/2021\\\/10\\\/profili-magnetici-768x706.webp\",\"contentUrl\":\"https:\\\/\\\/frigopo.it\\\/wp-content\\\/uploads\\\/2021\\\/10\\\/profili-magnetici-768x706.webp\"},{\"@type\":\"BreadcrumbList\",\"@id\":\"https:\\\/\\\/frigopo.it\\\/es\\\/perfiles-magneticos-y-no-magneticos-para-refrigeracion-frigo-po\\\/#breadcrumb\",\"itemListElement\":[{\"@type\":\"ListItem\",\"position\":1,\"name\":\"Home\",\"item\":\"https:\\\/\\\/frigopo.it\\\/es\\\/\"},{\"@type\":\"ListItem\",\"position\":2,\"name\":\"Perfiles magn\u00e9ticos y no magn\u00e9ticos para refrigeraci\u00f3n &#8211; Frigo Po\"}]},{\"@type\":\"WebSite\",\"@id\":\"https:\\\/\\\/frigopo.it\\\/es\\\/#website\",\"url\":\"https:\\\/\\\/frigopo.it\\\/es\\\/\",\"name\":\"FRIGO PO\",\"description\":\"Ricambi e guarnizioni per refrigerazione professionale\",\"publisher\":{\"@id\":\"https:\\\/\\\/frigopo.it\\\/es\\\/#organization\"},\"alternateName\":\"FRIGO PO\",\"potentialAction\":[{\"@type\":\"SearchAction\",\"target\":{\"@type\":\"EntryPoint\",\"urlTemplate\":\"https:\\\/\\\/frigopo.it\\\/es\\\/?s={search_term_string}\"},\"query-input\":{\"@type\":\"PropertyValueSpecification\",\"valueRequired\":true,\"valueName\":\"search_term_string\"}}],\"inLanguage\":\"es\"},{\"@type\":\"Organization\",\"@id\":\"https:\\\/\\\/frigopo.it\\\/es\\\/#organization\",\"name\":\"Frigo Po Srl\",\"url\":\"https:\\\/\\\/frigopo.it\\\/es\\\/\",\"logo\":{\"@type\":\"ImageObject\",\"inLanguage\":\"es\",\"@id\":\"https:\\\/\\\/frigopo.it\\\/es\\\/#\\\/schema\\\/logo\\\/image\\\/\",\"url\":\"https:\\\/\\\/frigopo.it\\\/wp-content\\\/uploads\\\/2023\\\/11\\\/logo-frigopo.webp\",\"contentUrl\":\"https:\\\/\\\/frigopo.it\\\/wp-content\\\/uploads\\\/2023\\\/11\\\/logo-frigopo.webp\",\"width\":480,\"height\":91,\"caption\":\"Frigo Po Srl\"},\"image\":{\"@id\":\"https:\\\/\\\/frigopo.it\\\/es\\\/#\\\/schema\\\/logo\\\/image\\\/\"}}]}<\/script>\n<!-- \/ Yoast SEO plugin. -->","yoast_head_json":{"title":"Perfiles magn\u00e9ticos y no magn\u00e9ticos para refrigeraci\u00f3n - Frigo Po","description":"Descubra la selecci\u00f3n de perfiles para juntas, compatibles con marcas como Zanussi y Mondial Elite. Distintos tama\u00f1os disponibles.","robots":{"index":"index","follow":"follow","max-snippet":"max-snippet:-1","max-image-preview":"max-image-preview:large","max-video-preview":"max-video-preview:-1"},"canonical":"https:\/\/frigopo.it\/es\/perfiles-magneticos-y-no-magneticos-para-refrigeracion-frigo-po\/","og_locale":"es_ES","og_type":"article","og_title":"Perfiles magn\u00e9ticos y no magn\u00e9ticos para refrigeraci\u00f3n - Frigo Po","og_description":"Descubra la selecci\u00f3n de perfiles para juntas, compatibles con marcas como Zanussi y Mondial Elite. Distintos tama\u00f1os disponibles.","og_url":"https:\/\/frigopo.it\/es\/perfiles-magneticos-y-no-magneticos-para-refrigeracion-frigo-po\/","og_site_name":"Frigo Po","article_modified_time":"2024-11-22T13:57:03+00:00","og_image":[{"width":1300,"height":1195,"url":"https:\/\/frigopo.it\/wp-content\/uploads\/2021\/10\/profili-magnetici.webp","type":"image\/webp"}],"twitter_card":"summary_large_image","twitter_misc":{"Tiempo de lectura":"1 minuto"},"schema":{"@context":"https:\/\/schema.org","@graph":[{"@type":"WebPage","@id":"https:\/\/frigopo.it\/es\/perfiles-magneticos-y-no-magneticos-para-refrigeracion-frigo-po\/","url":"https:\/\/frigopo.it\/es\/perfiles-magneticos-y-no-magneticos-para-refrigeracion-frigo-po\/","name":"Perfiles magn\u00e9ticos y no magn\u00e9ticos para refrigeraci\u00f3n - Frigo Po","isPartOf":{"@id":"https:\/\/frigopo.it\/es\/#website"},"primaryImageOfPage":{"@id":"https:\/\/frigopo.it\/es\/perfiles-magneticos-y-no-magneticos-para-refrigeracion-frigo-po\/#primaryimage"},"image":{"@id":"https:\/\/frigopo.it\/es\/perfiles-magneticos-y-no-magneticos-para-refrigeracion-frigo-po\/#primaryimage"},"thumbnailUrl":"https:\/\/frigopo.it\/wp-content\/uploads\/2021\/10\/profili-magnetici-768x706.webp","datePublished":"2023-12-27T12:26:06+00:00","dateModified":"2024-11-22T13:57:03+00:00","description":"Descubra la selecci\u00f3n de perfiles para juntas, compatibles con marcas como Zanussi y Mondial Elite. Distintos tama\u00f1os disponibles.","breadcrumb":{"@id":"https:\/\/frigopo.it\/es\/perfiles-magneticos-y-no-magneticos-para-refrigeracion-frigo-po\/#breadcrumb"},"inLanguage":"es","potentialAction":[{"@type":"ReadAction","target":["https:\/\/frigopo.it\/es\/perfiles-magneticos-y-no-magneticos-para-refrigeracion-frigo-po\/"]}]},{"@type":"ImageObject","inLanguage":"es","@id":"https:\/\/frigopo.it\/es\/perfiles-magneticos-y-no-magneticos-para-refrigeracion-frigo-po\/#primaryimage","url":"https:\/\/frigopo.it\/wp-content\/uploads\/2021\/10\/profili-magnetici-768x706.webp","contentUrl":"https:\/\/frigopo.it\/wp-content\/uploads\/2021\/10\/profili-magnetici-768x706.webp"},{"@type":"BreadcrumbList","@id":"https:\/\/frigopo.it\/es\/perfiles-magneticos-y-no-magneticos-para-refrigeracion-frigo-po\/#breadcrumb","itemListElement":[{"@type":"ListItem","position":1,"name":"Home","item":"https:\/\/frigopo.it\/es\/"},{"@type":"ListItem","position":2,"name":"Perfiles magn\u00e9ticos y no magn\u00e9ticos para refrigeraci\u00f3n &#8211; Frigo Po"}]},{"@type":"WebSite","@id":"https:\/\/frigopo.it\/es\/#website","url":"https:\/\/frigopo.it\/es\/","name":"FRIGO PO","description":"Ricambi e guarnizioni per refrigerazione professionale","publisher":{"@id":"https:\/\/frigopo.it\/es\/#organization"},"alternateName":"FRIGO PO","potentialAction":[{"@type":"SearchAction","target":{"@type":"EntryPoint","urlTemplate":"https:\/\/frigopo.it\/es\/?s={search_term_string}"},"query-input":{"@type":"PropertyValueSpecification","valueRequired":true,"valueName":"search_term_string"}}],"inLanguage":"es"},{"@type":"Organization","@id":"https:\/\/frigopo.it\/es\/#organization","name":"Frigo Po Srl","url":"https:\/\/frigopo.it\/es\/","logo":{"@type":"ImageObject","inLanguage":"es","@id":"https:\/\/frigopo.it\/es\/#\/schema\/logo\/image\/","url":"https:\/\/frigopo.it\/wp-content\/uploads\/2023\/11\/logo-frigopo.webp","contentUrl":"https:\/\/frigopo.it\/wp-content\/uploads\/2023\/11\/logo-frigopo.webp","width":480,"height":91,"caption":"Frigo Po Srl"},"image":{"@id":"https:\/\/frigopo.it\/es\/#\/schema\/logo\/image\/"}}]}},"_links":{"self":[{"href":"https:\/\/frigopo.it\/es\/wp-json\/wp\/v2\/pages\/32266","targetHints":{"allow":["GET"]}}],"collection":[{"href":"https:\/\/frigopo.it\/es\/wp-json\/wp\/v2\/pages"}],"about":[{"href":"https:\/\/frigopo.it\/es\/wp-json\/wp\/v2\/types\/page"}],"author":[{"embeddable":true,"href":"https:\/\/frigopo.it\/es\/wp-json\/wp\/v2\/users\/1"}],"replies":[{"embeddable":true,"href":"https:\/\/frigopo.it\/es\/wp-json\/wp\/v2\/comments?post=32266"}],"version-history":[{"count":1,"href":"https:\/\/frigopo.it\/es\/wp-json\/wp\/v2\/pages\/32266\/revisions"}],"predecessor-version":[{"id":32267,"href":"https:\/\/frigopo.it\/es\/wp-json\/wp\/v2\/pages\/32266\/revisions\/32267"}],"wp:attachment":[{"href":"https:\/\/frigopo.it\/es\/wp-json\/wp\/v2\/media?parent=32266"}],"curies":[{"name":"wp","href":"https:\/\/api.w.org\/{rel}","templated":true}]}}